{"id":12355,"date":"2021-12-03T09:28:01","date_gmt":"2021-12-03T09:28:01","guid":{"rendered":"https:\/\/www.thelma.sn\/thelma-leadership-academy\/?page_id=12355"},"modified":"2021-12-03T09:45:10","modified_gmt":"2021-12-03T09:45:10","slug":"hebergement-commercial-services","status":"publish","type":"page","link":"https:\/\/www.thelma.sn\/thelma-leadership-academy\/certifications-hebergement-commercial\/hebergement-commercial-services\/","title":{"rendered":"HEBERGEMENT &#038; COMMERCIAL SERVICES"},"content":{"rendered":"\t\t<div data-elementor-type=\"wp-post\" data-elementor-id=\"12355\" class=\"elementor elementor-12355\" data-elementor-settings=\"[]\">\n\t\t\t\t\t\t<div class=\"elementor-inner\">\n\t\t\t\t\t\t\t<div class=\"elementor-section-wrap\">\n\t\t\t\t\t\t\t<section class=\"elementor-section elementor-top-section elementor-element elementor-element-aa6ca57 elementor-section-boxed elementor-section-height-default elementor-section-height-default\" data-id=\"aa6ca57\" data-element_type=\"section\" data-settings=\"{&quot;background_background&quot;:&quot;classic&quot;}\">\n\t\t\t\t\t\t\t<div class=\"elementor-background-overlay\"><\/div>\n\t\t\t\t\t\t\t<div class=\"elementor-container elementor-column-gap-default\">\n\t\t\t\t\t\t\t<div class=\"elementor-row\">\n\t\t\t\t\t<div class=\"elementor-column elementor-col-100 elementor-top-column elementor-element elementor-element-7ec1889\" data-id=\"7ec1889\" data-element_type=\"column\">\n\t\t\t<div class=\"elementor-column-wrap elementor-element-populated\">\n\t\t\t\t\t\t\t<div class=\"elementor-widget-wrap\">\n\t\t\t\t\t\t<div class=\"elementor-element elementor-element-84919a5 elementor-widget elementor-widget-heading\" data-id=\"84919a5\" data-element_type=\"widget\" data-widget_type=\"heading.default\">\n\t\t\t\t<div class=\"elementor-widget-container\">\n\t\t\t<h1 class=\"elementor-heading-title elementor-size-default\">HEBERGEMENT &amp; COMMERCIAL SERVICES<\/h1>\t\t<\/div>\n\t\t\t\t<\/div>\n\t\t\t\t\t\t<\/div>\n\t\t\t\t\t<\/div>\n\t\t<\/div>\n\t\t\t\t\t\t\t\t<\/div>\n\t\t\t\t\t<\/div>\n\t\t<\/section>\n\t\t\t\t<section class=\"elementor-section elementor-top-section elementor-element elementor-element-de24337 elementor-section-boxed elementor-section-height-default elementor-section-height-default\" data-id=\"de24337\" data-element_type=\"section\">\n\t\t\t\t\t\t<div class=\"elementor-container elementor-column-gap-default\">\n\t\t\t\t\t\t\t<div class=\"elementor-row\">\n\t\t\t\t\t<div class=\"elementor-column elementor-col-33 elementor-top-column elementor-element elementor-element-2de29e5\" data-id=\"2de29e5\" data-element_type=\"column\">\n\t\t\t<div class=\"elementor-column-wrap\">\n\t\t\t\t\t\t\t<div class=\"elementor-widget-wrap\">\n\t\t\t\t\t\t\t\t<\/div>\n\t\t\t\t\t<\/div>\n\t\t<\/div>\n\t\t\t\t<div class=\"elementor-column elementor-col-33 elementor-top-column elementor-element elementor-element-74ac53e\" data-id=\"74ac53e\" data-element_type=\"column\">\n\t\t\t<div class=\"elementor-column-wrap elementor-element-populated\">\n\t\t\t\t\t\t\t<div class=\"elementor-widget-wrap\">\n\t\t\t\t\t\t<div class=\"elementor-element elementor-element-e8da285 elementor-align-left elementor-icon-list--layout-traditional elementor-list-item-link-full_width elementor-widget elementor-widget-icon-list\" data-id=\"e8da285\" data-element_type=\"widget\" data-widget_type=\"icon-list.default\">\n\t\t\t\t<div class=\"elementor-widget-container\">\n\t\t\t\t\t<ul class=\"elementor-icon-list-items\">\n\t\t\t\t\t\t\t<li class=\"elementor-icon-list-item\">\n\t\t\t\t\t<a href=\"https:\/\/www.thelma.sn\/thelma-leadership-academy\/certifications-hebergement-commercial\/maitrise-de-laccueil-haute-de-gamme\/\">\t\t\t\t\t\t<span class=\"elementor-icon-list-icon\">\n\t\t\t\t\t\t\t<i aria-hidden=\"true\" class=\"fas fa-dot-circle\"><\/i>\t\t\t\t\t\t<\/span>\n\t\t\t\t\t\t\t\t\t\t<span class=\"elementor-icon-list-text\">Maitrise de l\u2019accueil haute de gamme<\/span>\n\t\t\t\t\t\t\t\t\t\t\t<\/a>\n\t\t\t\t\t\t\t\t\t<\/li>\n\t\t\t\t\t\t\t\t<li class=\"elementor-icon-list-item\">\n\t\t\t\t\t<a href=\"https:\/\/www.thelma.sn\/thelma-leadership-academy\/certifications-hebergement-commercial\/fondamentaux-a-la-reception\/\">\t\t\t\t\t\t<span class=\"elementor-icon-list-icon\">\n\t\t\t\t\t\t\t<i aria-hidden=\"true\" class=\"fas fa-dot-circle\"><\/i>\t\t\t\t\t\t<\/span>\n\t\t\t\t\t\t\t\t\t\t<span class=\"elementor-icon-list-text\">Fondamentaux \u00e0 la r\u00e9ception<\/span>\n\t\t\t\t\t\t\t\t\t\t\t<\/a>\n\t\t\t\t\t\t\t\t\t<\/li>\n\t\t\t\t\t\t\t\t<li class=\"elementor-icon-list-item\">\n\t\t\t\t\t<a href=\"https:\/\/www.thelma.sn\/thelma-leadership-academy\/certifications-hebergement-commercial\/optimiser-le-pms\/\">\t\t\t\t\t\t<span class=\"elementor-icon-list-icon\">\n\t\t\t\t\t\t\t<i aria-hidden=\"true\" class=\"fas fa-dot-circle\"><\/i>\t\t\t\t\t\t<\/span>\n\t\t\t\t\t\t\t\t\t\t<span class=\"elementor-icon-list-text\">Optimiser le PMS<\/span>\n\t\t\t\t\t\t\t\t\t\t\t<\/a>\n\t\t\t\t\t\t\t\t\t<\/li>\n\t\t\t\t\t\t\t\t<li class=\"elementor-icon-list-item\">\n\t\t\t\t\t<a href=\"https:\/\/www.thelma.sn\/thelma-leadership-academy\/certifications-hebergement-commercial\/savoir-vendre-les-services-au-telephone\/\">\t\t\t\t\t\t<span class=\"elementor-icon-list-icon\">\n\t\t\t\t\t\t\t<i aria-hidden=\"true\" class=\"fas fa-dot-circle\"><\/i>\t\t\t\t\t\t<\/span>\n\t\t\t\t\t\t\t\t\t\t<span class=\"elementor-icon-list-text\">Savoir vendre les services au t\u00e9l\u00e9phone<\/span>\n\t\t\t\t\t\t\t\t\t\t\t<\/a>\n\t\t\t\t\t\t\t\t\t<\/li>\n\t\t\t\t\t\t\t\t<li class=\"elementor-icon-list-item\">\n\t\t\t\t\t<a href=\"https:\/\/www.thelma.sn\/thelma-leadership-academy\/certifications-hebergement-commercial\/gerer-efficacement-les-conflits-et-reclamations\/\">\t\t\t\t\t\t<span class=\"elementor-icon-list-icon\">\n\t\t\t\t\t\t\t<i aria-hidden=\"true\" class=\"fas fa-dot-circle\"><\/i>\t\t\t\t\t\t<\/span>\n\t\t\t\t\t\t\t\t\t\t<span class=\"elementor-icon-list-text\">G\u00e9rer efficacement les conflits et r\u00e9clamations<\/span>\n\t\t\t\t\t\t\t\t\t\t\t<\/a>\n\t\t\t\t\t\t\t\t\t<\/li>\n\t\t\t\t\t\t\t\t<li class=\"elementor-icon-list-item\">\n\t\t\t\t\t<a href=\"https:\/\/www.thelma.sn\/thelma-leadership-academy\/certifications-hebergement-commercial\/valoriser-limage-et-professionnaliser-votre-accueil-client\/\">\t\t\t\t\t\t<span class=\"elementor-icon-list-icon\">\n\t\t\t\t\t\t\t<i aria-hidden=\"true\" class=\"fas fa-dot-circle\"><\/i>\t\t\t\t\t\t<\/span>\n\t\t\t\t\t\t\t\t\t\t<span class=\"elementor-icon-list-text\">Valoriser l\u2019image et professionnaliser votre accueil client<\/span>\n\t\t\t\t\t\t\t\t\t\t\t<\/a>\n\t\t\t\t\t\t\t\t\t<\/li>\n\t\t\t\t\t\t<\/ul>\n\t\t\t\t<\/div>\n\t\t\t\t<\/div>\n\t\t\t\t\t\t<\/div>\n\t\t\t\t\t<\/div>\n\t\t<\/div>\n\t\t\t\t<div class=\"elementor-column elementor-col-33 elementor-top-column elementor-element elementor-element-4715760\" data-id=\"4715760\" data-element_type=\"column\">\n\t\t\t<div class=\"elementor-column-wrap\">\n\t\t\t\t\t\t\t<div class=\"elementor-widget-wrap\">\n\t\t\t\t\t\t\t\t<\/div>\n\t\t\t\t\t<\/div>\n\t\t<\/div>\n\t\t\t\t\t\t\t\t<\/div>\n\t\t\t\t\t<\/div>\n\t\t<\/section>\n\t\t\t\t<section class=\"elementor-section elementor-top-section elementor-element elementor-element-446922b1 elementor-section-boxed elementor-section-height-default elementor-section-height-default\" data-id=\"446922b1\" data-element_type=\"section\" data-settings=\"{&quot;background_background&quot;:&quot;classic&quot;}\">\n\t\t\t\t\t\t<div class=\"elementor-container elementor-column-gap-default\">\n\t\t\t\t\t\t\t<div class=\"elementor-row\">\n\t\t\t\t\t<div class=\"elementor-column elementor-col-100 elementor-top-column elementor-element elementor-element-45b6ed67\" data-id=\"45b6ed67\" data-element_type=\"column\">\n\t\t\t<div class=\"elementor-column-wrap elementor-element-populated\">\n\t\t\t\t\t\t\t<div class=\"elementor-widget-wrap\">\n\t\t\t\t\t\t<div class=\"elementor-element elementor-element-2e02cd67 elementor-widget elementor-widget-heading\" data-id=\"2e02cd67\" data-element_type=\"widget\" data-widget_type=\"heading.default\">\n\t\t\t\t<div class=\"elementor-widget-container\">\n\t\t\t<h2 class=\"elementor-heading-title elementor-size-default\">Rejoignez Thelma Business School<\/h2>\t\t<\/div>\n\t\t\t\t<\/div>\n\t\t\t\t<div class=\"elementor-element elementor-element-1fe190d1 animated-slow elementor-invisible elementor-widget elementor-widget-text-editor\" data-id=\"1fe190d1\" data-element_type=\"widget\" data-settings=\"{&quot;_animation&quot;:&quot;shake&quot;}\" data-widget_type=\"text-editor.default\">\n\t\t\t\t<div class=\"elementor-widget-container\">\n\t\t\t\t\t<div class=\"elementor-text-editor elementor-clearfix\"><p><span style=\"color: #ffffff;\">Vous souhaitez en savoir plus sur notre processus d&rsquo;admission ?<\/span><\/p><\/div>\n\t\t\t\t<\/div>\n\t\t\t\t<\/div>\n\t\t\t\t<div class=\"elementor-element elementor-element-4fb6adbb elementor-align-center elementor-widget elementor-widget-button\" data-id=\"4fb6adbb\" data-element_type=\"widget\" data-widget_type=\"button.default\">\n\t\t\t\t<div class=\"elementor-widget-container\">\n\t\t\t\t\t<div class=\"elementor-button-wrapper\">\n\t\t\t<a href=\"https:\/\/www.thelma.sn\/admissions\/\" class=\"elementor-button-link elementor-button elementor-size-sm\" role=\"button\">\n\t\t\t\t\t\t<span class=\"elementor-button-content-wrapper\">\n\t\t\t\t\t\t<span class=\"elementor-button-text\">Candidatures<\/span>\n\t\t<\/span>\n\t\t\t\t\t<\/a>\n\t\t<\/div>\n\t\t\t\t<\/div>\n\t\t\t\t<\/div>\n\t\t\t\t\t\t<\/div>\n\t\t\t\t\t<\/div>\n\t\t<\/div>\n\t\t\t\t\t\t\t\t<\/div>\n\t\t\t\t\t<\/div>\n\t\t<\/section>\n\t\t\t\t\t\t<\/div>\n\t\t\t\t\t\t<\/div>\n\t\t\t\t\t<\/div>\n\t\t","protected":false},"excerpt":{"rendered":"<p>HEBERGEMENT &amp; COMMERCIAL SERVICES Maitrise de l\u2019accueil haute de gamme Fondamentaux \u00e0 la r\u00e9ception Optimiser le PMS Savoir vendre les services au t\u00e9l\u00e9phone G\u00e9rer efficacement les conflits et r\u00e9clamations Valoriser l\u2019image et professionnaliser votre accueil client Rejoignez Thelma Business School Vous souhaitez en savoir plus sur notre processus d&rsquo;admission ? Candidatures<\/p>\n","protected":false},"author":10,"featured_media":0,"parent":12029,"menu_order":0,"comment_status":"closed","ping_status":"closed","template":"elementor_header_footer","meta":[],"yoast_head":"<!-- This site is optimized with the Yoast SEO plugin v15.8 - https:\/\/yoast.com\/wordpress\/plugins\/seo\/ -->\n<title>Thelma Leadership Academy<\/title>\n<meta name=\"description\" content=\"Thelma Business school, l&#039;\u00e9cole de management sp\u00e9cialis\u00e9e dans les m\u00e9tiers du luxe.\" \/>\n<meta name=\"robots\" content=\"index, follow, max-snippet:-1, max-image-preview:large, max-video-preview:-1\" \/>\n<link rel=\"canonical\" href=\"https:\/\/www.thelma.sn\/thelma-leadership-academy\/certifications-hebergement-commercial\/hebergement-commercial-services\/\" \/>\n<meta property=\"og:locale\" content=\"fr_FR\" \/>\n<meta property=\"og:type\" content=\"article\" \/>\n<meta property=\"og:title\" content=\"Thelma Leadership Academy\" \/>\n<meta property=\"og:description\" content=\"Thelma Business school, l&#039;\u00e9cole de management sp\u00e9cialis\u00e9e dans les m\u00e9tiers du luxe.\" \/>\n<meta property=\"og:url\" content=\"https:\/\/www.thelma.sn\/thelma-leadership-academy\/certifications-hebergement-commercial\/hebergement-commercial-services\/\" \/>\n<meta property=\"og:site_name\" content=\"Thelma Leadership Academy\" \/>\n<meta property=\"article:modified_time\" content=\"2021-12-03T09:45:10+00:00\" \/>\n<meta name=\"twitter:card\" content=\"summary_large_image\" \/>\n<meta name=\"twitter:label1\" content=\"Dur\u00e9e de lecture estim\u00e9e\">\n\t<meta name=\"twitter:data1\" content=\"1 minute\">\n<script type=\"application\/ld+json\" class=\"yoast-schema-graph\">{\"@context\":\"https:\/\/schema.org\",\"@graph\":[{\"@type\":\"WebSite\",\"@id\":\"https:\/\/www.thelma.sn\/thelma-leadership-academy\/#website\",\"url\":\"https:\/\/www.thelma.sn\/thelma-leadership-academy\/\",\"name\":\"Thelma Leadership Academy\",\"description\":\"Be attitude, Be different\",\"potentialAction\":[{\"@type\":\"SearchAction\",\"target\":\"https:\/\/www.thelma.sn\/thelma-leadership-academy\/?s={search_term_string}\",\"query-input\":\"required name=search_term_string\"}],\"inLanguage\":\"fr-FR\"},{\"@type\":\"WebPage\",\"@id\":\"https:\/\/www.thelma.sn\/thelma-leadership-academy\/certifications-hebergement-commercial\/hebergement-commercial-services\/#webpage\",\"url\":\"https:\/\/www.thelma.sn\/thelma-leadership-academy\/certifications-hebergement-commercial\/hebergement-commercial-services\/\",\"name\":\"Thelma Leadership Academy\",\"isPartOf\":{\"@id\":\"https:\/\/www.thelma.sn\/thelma-leadership-academy\/#website\"},\"datePublished\":\"2021-12-03T09:28:01+00:00\",\"dateModified\":\"2021-12-03T09:45:10+00:00\",\"description\":\"Thelma Business school, l'\\u00e9cole de management sp\\u00e9cialis\\u00e9e dans les m\\u00e9tiers du luxe.\",\"breadcrumb\":{\"@id\":\"https:\/\/www.thelma.sn\/thelma-leadership-academy\/certifications-hebergement-commercial\/hebergement-commercial-services\/#breadcrumb\"},\"inLanguage\":\"fr-FR\",\"potentialAction\":[{\"@type\":\"ReadAction\",\"target\":[\"https:\/\/www.thelma.sn\/thelma-leadership-academy\/certifications-hebergement-commercial\/hebergement-commercial-services\/\"]}]},{\"@type\":\"BreadcrumbList\",\"@id\":\"https:\/\/www.thelma.sn\/thelma-leadership-academy\/certifications-hebergement-commercial\/hebergement-commercial-services\/#breadcrumb\",\"itemListElement\":[{\"@type\":\"ListItem\",\"position\":1,\"item\":{\"@type\":\"WebPage\",\"@id\":\"https:\/\/www.thelma.sn\/thelma-leadership-academy\/\",\"url\":\"https:\/\/www.thelma.sn\/thelma-leadership-academy\/\",\"name\":\"Accueil\"}},{\"@type\":\"ListItem\",\"position\":2,\"item\":{\"@type\":\"WebPage\",\"@id\":\"https:\/\/www.thelma.sn\/thelma-leadership-academy\/certifications-hebergement-commercial\/\",\"url\":\"https:\/\/www.thelma.sn\/thelma-leadership-academy\/certifications-hebergement-commercial\/\",\"name\":\"Certifications H\\u00e9bergement &#038; Commercial\"}},{\"@type\":\"ListItem\",\"position\":3,\"item\":{\"@type\":\"WebPage\",\"@id\":\"https:\/\/www.thelma.sn\/thelma-leadership-academy\/certifications-hebergement-commercial\/hebergement-commercial-services\/\",\"url\":\"https:\/\/www.thelma.sn\/thelma-leadership-academy\/certifications-hebergement-commercial\/hebergement-commercial-services\/\",\"name\":\"HEBERGEMENT &#038; COMMERCIAL SERVICES\"}}]}]}<\/script>\n<!-- \/ Yoast SEO plugin. -->","_links":{"self":[{"href":"https:\/\/www.thelma.sn\/thelma-leadership-academy\/wp-json\/wp\/v2\/pages\/12355"}],"collection":[{"href":"https:\/\/www.thelma.sn\/thelma-leadership-academy\/wp-json\/wp\/v2\/pages"}],"about":[{"href":"https:\/\/www.thelma.sn\/thelma-leadership-academy\/wp-json\/wp\/v2\/types\/page"}],"author":[{"embeddable":true,"href":"https:\/\/www.thelma.sn\/thelma-leadership-academy\/wp-json\/wp\/v2\/users\/10"}],"replies":[{"embeddable":true,"href":"https:\/\/www.thelma.sn\/thelma-leadership-academy\/wp-json\/wp\/v2\/comments?post=12355"}],"version-history":[{"count":25,"href":"https:\/\/www.thelma.sn\/thelma-leadership-academy\/wp-json\/wp\/v2\/pages\/12355\/revisions"}],"predecessor-version":[{"id":12383,"href":"https:\/\/www.thelma.sn\/thelma-leadership-academy\/wp-json\/wp\/v2\/pages\/12355\/revisions\/12383"}],"up":[{"embeddable":true,"href":"https:\/\/www.thelma.sn\/thelma-leadership-academy\/wp-json\/wp\/v2\/pages\/12029"}],"wp:attachment":[{"href":"https:\/\/www.thelma.sn\/thelma-leadership-academy\/wp-json\/wp\/v2\/media?parent=12355"}],"curies":[{"name":"wp","href":"https:\/\/api.w.org\/{rel}","templated":true}]}}