{"id":12457,"date":"2021-12-15T11:41:02","date_gmt":"2021-12-15T11:41:02","guid":{"rendered":"https:\/\/www.thelma.sn\/thelma-leadership-academy\/?page_id=12457"},"modified":"2021-12-20T12:27:52","modified_gmt":"2021-12-20T12:27:52","slug":"certificat-techniques-de-vente","status":"publish","type":"page","link":"https:\/\/www.thelma.sn\/thelma-leadership-academy\/immo-fashion\/certificat-techniques-de-vente\/","title":{"rendered":"Certificat Techniques de vente"},"content":{"rendered":"\t\t<div data-elementor-type=\"wp-post\" data-elementor-id=\"12457\" class=\"elementor elementor-12457\" data-elementor-settings=\"[]\">\n\t\t\t\t\t\t<div class=\"elementor-inner\">\n\t\t\t\t\t\t\t<div class=\"elementor-section-wrap\">\n\t\t\t\t\t\t\t<section class=\"elementor-section elementor-top-section elementor-element elementor-element-aa6ca57 elementor-section-boxed elementor-section-height-default elementor-section-height-default\" data-id=\"aa6ca57\" data-element_type=\"section\" data-settings=\"{&quot;background_background&quot;:&quot;classic&quot;}\">\n\t\t\t\t\t\t\t<div class=\"elementor-background-overlay\"><\/div>\n\t\t\t\t\t\t\t<div class=\"elementor-container elementor-column-gap-default\">\n\t\t\t\t\t\t\t<div class=\"elementor-row\">\n\t\t\t\t\t<div class=\"elementor-column elementor-col-100 elementor-top-column elementor-element elementor-element-7ec1889\" data-id=\"7ec1889\" data-element_type=\"column\">\n\t\t\t<div class=\"elementor-column-wrap elementor-element-populated\">\n\t\t\t\t\t\t\t<div class=\"elementor-widget-wrap\">\n\t\t\t\t\t\t<div class=\"elementor-element elementor-element-84919a5 elementor-widget elementor-widget-heading\" data-id=\"84919a5\" data-element_type=\"widget\" data-widget_type=\"heading.default\">\n\t\t\t\t<div class=\"elementor-widget-container\">\n\t\t\t<h1 class=\"elementor-heading-title elementor-size-default\">Certificat Techniques de vente<\/h1>\t\t<\/div>\n\t\t\t\t<\/div>\n\t\t\t\t\t\t<\/div>\n\t\t\t\t\t<\/div>\n\t\t<\/div>\n\t\t\t\t\t\t\t\t<\/div>\n\t\t\t\t\t<\/div>\n\t\t<\/section>\n\t\t\t\t<section class=\"elementor-section elementor-top-section elementor-element elementor-element-6c5f55f elementor-section-boxed elementor-section-height-default elementor-section-height-default\" data-id=\"6c5f55f\" data-element_type=\"section\">\n\t\t\t\t\t\t<div class=\"elementor-container elementor-column-gap-default\">\n\t\t\t\t\t\t\t<div class=\"elementor-row\">\n\t\t\t\t\t<div class=\"elementor-column elementor-col-100 elementor-top-column elementor-element elementor-element-0bf5a4b\" data-id=\"0bf5a4b\" data-element_type=\"column\">\n\t\t\t<div class=\"elementor-column-wrap elementor-element-populated\">\n\t\t\t\t\t\t\t<div class=\"elementor-widget-wrap\">\n\t\t\t\t\t\t<div class=\"elementor-element elementor-element-96ab144 elementor-widget elementor-widget-image\" data-id=\"96ab144\" data-element_type=\"widget\" data-widget_type=\"image.default\">\n\t\t\t\t<div class=\"elementor-widget-container\">\n\t\t\t\t\t<div class=\"elementor-image\">\n\t\t\t\t\t\t\t\t\t\t<img width=\"1042\" height=\"1042\" src=\"https:\/\/www.thelma.sn\/thelma-leadership-academy\/wp-content\/uploads\/2021\/12\/Certificat-Techniques-de-vente.jpg\" class=\"attachment-full size-full\" alt=\"\" loading=\"lazy\" srcset=\"https:\/\/www.thelma.sn\/thelma-leadership-academy\/wp-content\/uploads\/2021\/12\/Certificat-Techniques-de-vente.jpg 1042w, https:\/\/www.thelma.sn\/thelma-leadership-academy\/wp-content\/uploads\/2021\/12\/Certificat-Techniques-de-vente-300x300.jpg 300w, https:\/\/www.thelma.sn\/thelma-leadership-academy\/wp-content\/uploads\/2021\/12\/Certificat-Techniques-de-vente-1024x1024.jpg 1024w, https:\/\/www.thelma.sn\/thelma-leadership-academy\/wp-content\/uploads\/2021\/12\/Certificat-Techniques-de-vente-150x150.jpg 150w, https:\/\/www.thelma.sn\/thelma-leadership-academy\/wp-content\/uploads\/2021\/12\/Certificat-Techniques-de-vente-768x768.jpg 768w\" sizes=\"(max-width: 1042px) 100vw, 1042px\" \/>\t\t\t\t\t\t\t\t\t\t\t<\/div>\n\t\t\t\t<\/div>\n\t\t\t\t<\/div>\n\t\t\t\t\t\t<\/div>\n\t\t\t\t\t<\/div>\n\t\t<\/div>\n\t\t\t\t\t\t\t\t<\/div>\n\t\t\t\t\t<\/div>\n\t\t<\/section>\n\t\t\t\t<section class=\"elementor-section elementor-top-section elementor-element elementor-element-0a77fa0 elementor-section-boxed elementor-section-height-default elementor-section-height-default\" data-id=\"0a77fa0\" data-element_type=\"section\">\n\t\t\t\t\t\t<div class=\"elementor-container elementor-column-gap-default\">\n\t\t\t\t\t\t\t<div class=\"elementor-row\">\n\t\t\t\t\t<div class=\"elementor-column elementor-col-100 elementor-top-column elementor-element elementor-element-3c506fc\" data-id=\"3c506fc\" data-element_type=\"column\">\n\t\t\t<div class=\"elementor-column-wrap elementor-element-populated\">\n\t\t\t\t\t\t\t<div class=\"elementor-widget-wrap\">\n\t\t\t\t\t\t<div class=\"elementor-element elementor-element-27642ed elementor-align-center elementor-widget elementor-widget-button\" data-id=\"27642ed\" data-element_type=\"widget\" data-widget_type=\"button.default\">\n\t\t\t\t<div class=\"elementor-widget-container\">\n\t\t\t\t\t<div class=\"elementor-button-wrapper\">\n\t\t\t<a href=\"https:\/\/www.thelma.sn\/thelma-leadership-academy\/fiche-de-renseignement-certifications\" class=\"elementor-button-link elementor-button elementor-size-sm\" role=\"button\">\n\t\t\t\t\t\t<span class=\"elementor-button-content-wrapper\">\n\t\t\t\t\t\t<span class=\"elementor-button-icon elementor-align-icon-left\">\n\t\t\t\t<i aria-hidden=\"true\" class=\"far fa-file-alt\"><\/i>\t\t\t<\/span>\n\t\t\t\t\t\t<span class=\"elementor-button-text\">Faire une certification<\/span>\n\t\t<\/span>\n\t\t\t\t\t<\/a>\n\t\t<\/div>\n\t\t\t\t<\/div>\n\t\t\t\t<\/div>\n\t\t\t\t\t\t<\/div>\n\t\t\t\t\t<\/div>\n\t\t<\/div>\n\t\t\t\t\t\t\t\t<\/div>\n\t\t\t\t\t<\/div>\n\t\t<\/section>\n\t\t\t\t<section class=\"elementor-section elementor-top-section elementor-element elementor-element-dfc5e39 elementor-section-boxed elementor-section-height-default elementor-section-height-default\" data-id=\"dfc5e39\" data-element_type=\"section\">\n\t\t\t\t\t\t<div class=\"elementor-container elementor-column-gap-default\">\n\t\t\t\t\t\t\t<div class=\"elementor-row\">\n\t\t\t\t\t<div class=\"elementor-column elementor-col-50 elementor-top-column elementor-element elementor-element-7a3535e\" data-id=\"7a3535e\" data-element_type=\"column\">\n\t\t\t<div class=\"elementor-column-wrap\">\n\t\t\t\t\t\t\t<div class=\"elementor-widget-wrap\">\n\t\t\t\t\t\t\t\t<\/div>\n\t\t\t\t\t<\/div>\n\t\t<\/div>\n\t\t\t\t<div class=\"elementor-column elementor-col-50 elementor-top-column elementor-element elementor-element-80fc344\" data-id=\"80fc344\" data-element_type=\"column\">\n\t\t\t<div class=\"elementor-column-wrap\">\n\t\t\t\t\t\t\t<div class=\"elementor-widget-wrap\">\n\t\t\t\t\t\t\t\t<\/div>\n\t\t\t\t\t<\/div>\n\t\t<\/div>\n\t\t\t\t\t\t\t\t<\/div>\n\t\t\t\t\t<\/div>\n\t\t<\/section>\n\t\t\t\t<section class=\"elementor-section elementor-top-section elementor-element elementor-element-446922b1 elementor-section-boxed elementor-section-height-default elementor-section-height-default\" data-id=\"446922b1\" data-element_type=\"section\" data-settings=\"{&quot;background_background&quot;:&quot;classic&quot;}\">\n\t\t\t\t\t\t<div class=\"elementor-container elementor-column-gap-default\">\n\t\t\t\t\t\t\t<div class=\"elementor-row\">\n\t\t\t\t\t<div class=\"elementor-column elementor-col-100 elementor-top-column elementor-element elementor-element-45b6ed67\" data-id=\"45b6ed67\" data-element_type=\"column\">\n\t\t\t<div class=\"elementor-column-wrap elementor-element-populated\">\n\t\t\t\t\t\t\t<div class=\"elementor-widget-wrap\">\n\t\t\t\t\t\t<div class=\"elementor-element elementor-element-2e02cd67 elementor-widget elementor-widget-heading\" data-id=\"2e02cd67\" data-element_type=\"widget\" data-widget_type=\"heading.default\">\n\t\t\t\t<div class=\"elementor-widget-container\">\n\t\t\t<h2 class=\"elementor-heading-title elementor-size-default\">Rejoignez Thelma Business School<\/h2>\t\t<\/div>\n\t\t\t\t<\/div>\n\t\t\t\t<div class=\"elementor-element elementor-element-1fe190d1 animated-slow elementor-invisible elementor-widget elementor-widget-text-editor\" data-id=\"1fe190d1\" data-element_type=\"widget\" data-settings=\"{&quot;_animation&quot;:&quot;shake&quot;}\" data-widget_type=\"text-editor.default\">\n\t\t\t\t<div class=\"elementor-widget-container\">\n\t\t\t\t\t<div class=\"elementor-text-editor elementor-clearfix\"><p><span style=\"color: #ffffff;\">Vous souhaitez en savoir plus sur notre processus d&rsquo;admission ?<\/span><\/p><\/div>\n\t\t\t\t<\/div>\n\t\t\t\t<\/div>\n\t\t\t\t<div class=\"elementor-element elementor-element-4fb6adbb elementor-align-center elementor-widget elementor-widget-button\" data-id=\"4fb6adbb\" data-element_type=\"widget\" data-widget_type=\"button.default\">\n\t\t\t\t<div class=\"elementor-widget-container\">\n\t\t\t\t\t<div class=\"elementor-button-wrapper\">\n\t\t\t<a href=\"https:\/\/www.thelma.sn\/admissions\/\" class=\"elementor-button-link elementor-button elementor-size-sm\" role=\"button\">\n\t\t\t\t\t\t<span class=\"elementor-button-content-wrapper\">\n\t\t\t\t\t\t<span class=\"elementor-button-text\">Candidatures<\/span>\n\t\t<\/span>\n\t\t\t\t\t<\/a>\n\t\t<\/div>\n\t\t\t\t<\/div>\n\t\t\t\t<\/div>\n\t\t\t\t\t\t<\/div>\n\t\t\t\t\t<\/div>\n\t\t<\/div>\n\t\t\t\t\t\t\t\t<\/div>\n\t\t\t\t\t<\/div>\n\t\t<\/section>\n\t\t\t\t\t\t<\/div>\n\t\t\t\t\t\t<\/div>\n\t\t\t\t\t<\/div>\n\t\t","protected":false},"excerpt":{"rendered":"<p>Certificat Techniques de vente Faire une certification Rejoignez Thelma Business School Vous souhaitez en savoir plus sur notre processus d&rsquo;admission ? Candidatures<\/p>\n","protected":false},"author":10,"featured_media":0,"parent":12411,"menu_order":0,"comment_status":"closed","ping_status":"closed","template":"elementor_header_footer","meta":[],"yoast_head":"<!-- This site is optimized with the Yoast SEO plugin v15.8 - https:\/\/yoast.com\/wordpress\/plugins\/seo\/ -->\n<title>Thelma Leadership Academy<\/title>\n<meta name=\"description\" content=\"Thelma Business school, l&#039;\u00e9cole de management sp\u00e9cialis\u00e9e dans les m\u00e9tiers du luxe.\" \/>\n<meta name=\"robots\" content=\"index, follow, max-snippet:-1, max-image-preview:large, max-video-preview:-1\" \/>\n<link rel=\"canonical\" href=\"https:\/\/www.thelma.sn\/thelma-leadership-academy\/immo-fashion\/certificat-techniques-de-vente\/\" \/>\n<meta property=\"og:locale\" content=\"fr_FR\" \/>\n<meta property=\"og:type\" content=\"article\" \/>\n<meta property=\"og:title\" content=\"Thelma Leadership Academy\" \/>\n<meta property=\"og:description\" content=\"Thelma Business school, l&#039;\u00e9cole de management sp\u00e9cialis\u00e9e dans les m\u00e9tiers du luxe.\" \/>\n<meta property=\"og:url\" content=\"https:\/\/www.thelma.sn\/thelma-leadership-academy\/immo-fashion\/certificat-techniques-de-vente\/\" \/>\n<meta property=\"og:site_name\" content=\"Thelma Leadership Academy\" \/>\n<meta property=\"article:modified_time\" content=\"2021-12-20T12:27:52+00:00\" \/>\n<meta property=\"og:image\" content=\"https:\/\/www.thelma.sn\/thelma-leadership-academy\/wp-content\/uploads\/2021\/12\/Certificat-Techniques-de-vente.jpg\" \/>\n<meta name=\"twitter:card\" content=\"summary_large_image\" \/>\n<meta name=\"twitter:label1\" content=\"Dur\u00e9e de lecture estim\u00e9e\">\n\t<meta name=\"twitter:data1\" content=\"1 minute\">\n<script type=\"application\/ld+json\" class=\"yoast-schema-graph\">{\"@context\":\"https:\/\/schema.org\",\"@graph\":[{\"@type\":\"WebSite\",\"@id\":\"https:\/\/www.thelma.sn\/thelma-leadership-academy\/#website\",\"url\":\"https:\/\/www.thelma.sn\/thelma-leadership-academy\/\",\"name\":\"Thelma Leadership Academy\",\"description\":\"Be attitude, Be different\",\"potentialAction\":[{\"@type\":\"SearchAction\",\"target\":\"https:\/\/www.thelma.sn\/thelma-leadership-academy\/?s={search_term_string}\",\"query-input\":\"required name=search_term_string\"}],\"inLanguage\":\"fr-FR\"},{\"@type\":\"ImageObject\",\"@id\":\"https:\/\/www.thelma.sn\/thelma-leadership-academy\/immo-fashion\/certificat-techniques-de-vente\/#primaryimage\",\"inLanguage\":\"fr-FR\",\"url\":\"https:\/\/www.thelma.sn\/thelma-leadership-academy\/wp-content\/uploads\/2021\/12\/Certificat-Techniques-de-vente.jpg\",\"width\":1042,\"height\":1042},{\"@type\":\"WebPage\",\"@id\":\"https:\/\/www.thelma.sn\/thelma-leadership-academy\/immo-fashion\/certificat-techniques-de-vente\/#webpage\",\"url\":\"https:\/\/www.thelma.sn\/thelma-leadership-academy\/immo-fashion\/certificat-techniques-de-vente\/\",\"name\":\"Thelma Leadership Academy\",\"isPartOf\":{\"@id\":\"https:\/\/www.thelma.sn\/thelma-leadership-academy\/#website\"},\"primaryImageOfPage\":{\"@id\":\"https:\/\/www.thelma.sn\/thelma-leadership-academy\/immo-fashion\/certificat-techniques-de-vente\/#primaryimage\"},\"datePublished\":\"2021-12-15T11:41:02+00:00\",\"dateModified\":\"2021-12-20T12:27:52+00:00\",\"description\":\"Thelma Business school, l'\\u00e9cole de management sp\\u00e9cialis\\u00e9e dans les m\\u00e9tiers du luxe.\",\"breadcrumb\":{\"@id\":\"https:\/\/www.thelma.sn\/thelma-leadership-academy\/immo-fashion\/certificat-techniques-de-vente\/#breadcrumb\"},\"inLanguage\":\"fr-FR\",\"potentialAction\":[{\"@type\":\"ReadAction\",\"target\":[\"https:\/\/www.thelma.sn\/thelma-leadership-academy\/immo-fashion\/certificat-techniques-de-vente\/\"]}]},{\"@type\":\"BreadcrumbList\",\"@id\":\"https:\/\/www.thelma.sn\/thelma-leadership-academy\/immo-fashion\/certificat-techniques-de-vente\/#breadcrumb\",\"itemListElement\":[{\"@type\":\"ListItem\",\"position\":1,\"item\":{\"@type\":\"WebPage\",\"@id\":\"https:\/\/www.thelma.sn\/thelma-leadership-academy\/\",\"url\":\"https:\/\/www.thelma.sn\/thelma-leadership-academy\/\",\"name\":\"Accueil\"}},{\"@type\":\"ListItem\",\"position\":2,\"item\":{\"@type\":\"WebPage\",\"@id\":\"https:\/\/www.thelma.sn\/thelma-leadership-academy\/immo-fashion\/\",\"url\":\"https:\/\/www.thelma.sn\/thelma-leadership-academy\/immo-fashion\/\",\"name\":\"Immo &#038; Fashion\"}},{\"@type\":\"ListItem\",\"position\":3,\"item\":{\"@type\":\"WebPage\",\"@id\":\"https:\/\/www.thelma.sn\/thelma-leadership-academy\/immo-fashion\/certificat-techniques-de-vente\/\",\"url\":\"https:\/\/www.thelma.sn\/thelma-leadership-academy\/immo-fashion\/certificat-techniques-de-vente\/\",\"name\":\"Certificat Techniques de vente\"}}]}]}<\/script>\n<!-- \/ Yoast SEO plugin. -->","_links":{"self":[{"href":"https:\/\/www.thelma.sn\/thelma-leadership-academy\/wp-json\/wp\/v2\/pages\/12457"}],"collection":[{"href":"https:\/\/www.thelma.sn\/thelma-leadership-academy\/wp-json\/wp\/v2\/pages"}],"about":[{"href":"https:\/\/www.thelma.sn\/thelma-leadership-academy\/wp-json\/wp\/v2\/types\/page"}],"author":[{"embeddable":true,"href":"https:\/\/www.thelma.sn\/thelma-leadership-academy\/wp-json\/wp\/v2\/users\/10"}],"replies":[{"embeddable":true,"href":"https:\/\/www.thelma.sn\/thelma-leadership-academy\/wp-json\/wp\/v2\/comments?post=12457"}],"version-history":[{"count":7,"href":"https:\/\/www.thelma.sn\/thelma-leadership-academy\/wp-json\/wp\/v2\/pages\/12457\/revisions"}],"predecessor-version":[{"id":12495,"href":"https:\/\/www.thelma.sn\/thelma-leadership-academy\/wp-json\/wp\/v2\/pages\/12457\/revisions\/12495"}],"up":[{"embeddable":true,"href":"https:\/\/www.thelma.sn\/thelma-leadership-academy\/wp-json\/wp\/v2\/pages\/12411"}],"wp:attachment":[{"href":"https:\/\/www.thelma.sn\/thelma-leadership-academy\/wp-json\/wp\/v2\/media?parent=12457"}],"curies":[{"name":"wp","href":"https:\/\/api.w.org\/{rel}","templated":true}]}}