{"id":12526,"date":"2022-03-07T16:56:47","date_gmt":"2022-03-07T16:56:47","guid":{"rendered":"https:\/\/www.thelma.sn\/thelma-leadership-academy\/?page_id=12526"},"modified":"2022-09-16T09:43:55","modified_gmt":"2022-09-16T09:43:55","slug":"offres-demploi","status":"publish","type":"page","link":"https:\/\/www.thelma.sn\/thelma-leadership-academy\/plateforme-offre-demploi\/offres-demploi\/","title":{"rendered":"Offres d&#8217;emploi"},"content":{"rendered":"","protected":true},"excerpt":{"rendered":"","protected":true},"author":10,"featured_media":0,"parent":12518,"menu_order":0,"comment_status":"closed","ping_status":"closed","template":"elementor_header_footer","meta":[],"yoast_head":"<!-- This site is optimized with the Yoast SEO plugin v15.8 - https:\/\/yoast.com\/wordpress\/plugins\/seo\/ -->\n<title>Thelma Leadership Academy<\/title>\n<meta name=\"description\" content=\"Thelma Business school, l&#039;\u00e9cole de management sp\u00e9cialis\u00e9e dans les m\u00e9tiers du luxe.\" \/>\n<meta name=\"robots\" content=\"index, follow, max-snippet:-1, max-image-preview:large, max-video-preview:-1\" \/>\n<link rel=\"canonical\" href=\"https:\/\/www.thelma.sn\/thelma-leadership-academy\/plateforme-offre-demploi\/offres-demploi\/\" \/>\n<meta property=\"og:locale\" content=\"fr_FR\" \/>\n<meta property=\"og:type\" content=\"article\" \/>\n<meta property=\"og:title\" content=\"Thelma Leadership Academy\" \/>\n<meta property=\"og:description\" content=\"Thelma Business school, l&#039;\u00e9cole de management sp\u00e9cialis\u00e9e dans les m\u00e9tiers du luxe.\" \/>\n<meta property=\"og:url\" content=\"https:\/\/www.thelma.sn\/thelma-leadership-academy\/plateforme-offre-demploi\/offres-demploi\/\" \/>\n<meta property=\"og:site_name\" content=\"Thelma Leadership Academy\" \/>\n<meta property=\"article:modified_time\" content=\"2022-09-16T09:43:55+00:00\" \/>\n<meta name=\"twitter:card\" content=\"summary_large_image\" \/>\n<meta name=\"twitter:label1\" content=\"Dur\u00e9e de lecture estim\u00e9e\">\n\t<meta name=\"twitter:data1\" content=\"1 minute\">\n<script type=\"application\/ld+json\" class=\"yoast-schema-graph\">{\"@context\":\"https:\/\/schema.org\",\"@graph\":[{\"@type\":\"WebSite\",\"@id\":\"https:\/\/www.thelma.sn\/thelma-leadership-academy\/#website\",\"url\":\"https:\/\/www.thelma.sn\/thelma-leadership-academy\/\",\"name\":\"Thelma Leadership Academy\",\"description\":\"Be attitude, Be different\",\"potentialAction\":[{\"@type\":\"SearchAction\",\"target\":\"https:\/\/www.thelma.sn\/thelma-leadership-academy\/?s={search_term_string}\",\"query-input\":\"required name=search_term_string\"}],\"inLanguage\":\"fr-FR\"},{\"@type\":\"WebPage\",\"@id\":\"https:\/\/www.thelma.sn\/thelma-leadership-academy\/plateforme-offre-demploi\/offres-demploi\/#webpage\",\"url\":\"https:\/\/www.thelma.sn\/thelma-leadership-academy\/plateforme-offre-demploi\/offres-demploi\/\",\"name\":\"Thelma Leadership Academy\",\"isPartOf\":{\"@id\":\"https:\/\/www.thelma.sn\/thelma-leadership-academy\/#website\"},\"datePublished\":\"2022-03-07T16:56:47+00:00\",\"dateModified\":\"2022-09-16T09:43:55+00:00\",\"description\":\"Thelma Business school, l'\\u00e9cole de management sp\\u00e9cialis\\u00e9e dans les m\\u00e9tiers du luxe.\",\"breadcrumb\":{\"@id\":\"https:\/\/www.thelma.sn\/thelma-leadership-academy\/plateforme-offre-demploi\/offres-demploi\/#breadcrumb\"},\"inLanguage\":\"fr-FR\",\"potentialAction\":[{\"@type\":\"ReadAction\",\"target\":[\"https:\/\/www.thelma.sn\/thelma-leadership-academy\/plateforme-offre-demploi\/offres-demploi\/\"]}]},{\"@type\":\"BreadcrumbList\",\"@id\":\"https:\/\/www.thelma.sn\/thelma-leadership-academy\/plateforme-offre-demploi\/offres-demploi\/#breadcrumb\",\"itemListElement\":[{\"@type\":\"ListItem\",\"position\":1,\"item\":{\"@type\":\"WebPage\",\"@id\":\"https:\/\/www.thelma.sn\/thelma-leadership-academy\/\",\"url\":\"https:\/\/www.thelma.sn\/thelma-leadership-academy\/\",\"name\":\"Accueil\"}},{\"@type\":\"ListItem\",\"position\":2,\"item\":{\"@type\":\"WebPage\",\"@id\":\"https:\/\/www.thelma.sn\/thelma-leadership-academy\/plateforme-offre-demploi\/\",\"url\":\"https:\/\/www.thelma.sn\/thelma-leadership-academy\/plateforme-offre-demploi\/\",\"name\":\"Plateforme offre d&#8217;emploi\"}},{\"@type\":\"ListItem\",\"position\":3,\"item\":{\"@type\":\"WebPage\",\"@id\":\"https:\/\/www.thelma.sn\/thelma-leadership-academy\/plateforme-offre-demploi\/offres-demploi\/\",\"url\":\"https:\/\/www.thelma.sn\/thelma-leadership-academy\/plateforme-offre-demploi\/offres-demploi\/\",\"name\":\"Offres d&#8217;emploi\"}}]}]}<\/script>\n<!-- \/ Yoast SEO plugin. -->","_links":{"self":[{"href":"https:\/\/www.thelma.sn\/thelma-leadership-academy\/wp-json\/wp\/v2\/pages\/12526"}],"collection":[{"href":"https:\/\/www.thelma.sn\/thelma-leadership-academy\/wp-json\/wp\/v2\/pages"}],"about":[{"href":"https:\/\/www.thelma.sn\/thelma-leadership-academy\/wp-json\/wp\/v2\/types\/page"}],"author":[{"embeddable":true,"href":"https:\/\/www.thelma.sn\/thelma-leadership-academy\/wp-json\/wp\/v2\/users\/10"}],"replies":[{"embeddable":true,"href":"https:\/\/www.thelma.sn\/thelma-leadership-academy\/wp-json\/wp\/v2\/comments?post=12526"}],"version-history":[{"count":36,"href":"https:\/\/www.thelma.sn\/thelma-leadership-academy\/wp-json\/wp\/v2\/pages\/12526\/revisions"}],"predecessor-version":[{"id":12865,"href":"https:\/\/www.thelma.sn\/thelma-leadership-academy\/wp-json\/wp\/v2\/pages\/12526\/revisions\/12865"}],"up":[{"embeddable":true,"href":"https:\/\/www.thelma.sn\/thelma-leadership-academy\/wp-json\/wp\/v2\/pages\/12518"}],"wp:attachment":[{"href":"https:\/\/www.thelma.sn\/thelma-leadership-academy\/wp-json\/wp\/v2\/media?parent=12526"}],"curies":[{"name":"wp","href":"https:\/\/api.w.org\/{rel}","templated":true}]}}