{"id":12536,"date":"2022-03-07T17:05:28","date_gmt":"2022-03-07T17:05:28","guid":{"rendered":"https:\/\/www.thelma.sn\/thelma-leadership-academy\/?page_id=12536"},"modified":"2022-04-22T09:45:38","modified_gmt":"2022-04-22T09:45:38","slug":"edition-des-offres-demploi","status":"publish","type":"page","link":"https:\/\/www.thelma.sn\/thelma-leadership-academy\/plateforme-offre-demploi\/edition-des-offres-demploi\/","title":{"rendered":"\u00c9dition des offres d&#8217;emploi"},"content":{"rendered":"\t\t<div data-elementor-type=\"wp-post\" data-elementor-id=\"12536\" class=\"elementor elementor-12536\" data-elementor-settings=\"[]\">\n\t\t\t\t\t\t<div class=\"elementor-inner\">\n\t\t\t\t\t\t\t<div class=\"elementor-section-wrap\">\n\t\t\t\t\t\t\t<section class=\"elementor-section elementor-top-section elementor-element elementor-element-aa6ca57 elementor-section-boxed elementor-section-height-default elementor-section-height-default\" data-id=\"aa6ca57\" data-element_type=\"section\" data-settings=\"{&quot;background_background&quot;:&quot;classic&quot;}\">\n\t\t\t\t\t\t\t<div class=\"elementor-background-overlay\"><\/div>\n\t\t\t\t\t\t\t<div class=\"elementor-container elementor-column-gap-default\">\n\t\t\t\t\t\t\t<div class=\"elementor-row\">\n\t\t\t\t\t<div class=\"elementor-column elementor-col-100 elementor-top-column elementor-element elementor-element-7ec1889\" data-id=\"7ec1889\" data-element_type=\"column\">\n\t\t\t<div class=\"elementor-column-wrap elementor-element-populated\">\n\t\t\t\t\t\t\t<div class=\"elementor-widget-wrap\">\n\t\t\t\t\t\t<div class=\"elementor-element elementor-element-84919a5 elementor-widget elementor-widget-heading\" data-id=\"84919a5\" data-element_type=\"widget\" data-widget_type=\"heading.default\">\n\t\t\t\t<div class=\"elementor-widget-container\">\n\t\t\t<h1 class=\"elementor-heading-title elementor-size-default\">\u00c9ditez vos offres d'emploi<\/h1>\t\t<\/div>\n\t\t\t\t<\/div>\n\t\t\t\t\t\t<\/div>\n\t\t\t\t\t<\/div>\n\t\t<\/div>\n\t\t\t\t\t\t\t\t<\/div>\n\t\t\t\t\t<\/div>\n\t\t<\/section>\n\t\t\t\t<section class=\"elementor-section elementor-top-section elementor-element elementor-element-6c5f55f elementor-section-boxed elementor-section-height-default elementor-section-height-default\" data-id=\"6c5f55f\" data-element_type=\"section\">\n\t\t\t\t\t\t<div class=\"elementor-container elementor-column-gap-default\">\n\t\t\t\t\t\t\t<div class=\"elementor-row\">\n\t\t\t\t\t<div class=\"elementor-column elementor-col-50 elementor-top-column elementor-element elementor-element-24a1f86\" data-id=\"24a1f86\" data-element_type=\"column\">\n\t\t\t<div class=\"elementor-column-wrap elementor-element-populated\">\n\t\t\t\t\t\t\t<div class=\"elementor-widget-wrap\">\n\t\t\t\t\t\t<div class=\"elementor-element elementor-element-95618c7 elementor-widget elementor-widget-text-editor\" data-id=\"95618c7\" data-element_type=\"widget\" data-widget_type=\"text-editor.default\">\n\t\t\t\t<div class=\"elementor-widget-container\">\n\t\t\t\t\t<div class=\"elementor-text-editor elementor-clearfix\">[job_dashboard]<\/div>\n\t\t\t\t<\/div>\n\t\t\t\t<\/div>\n\t\t\t\t\t\t<\/div>\n\t\t\t\t\t<\/div>\n\t\t<\/div>\n\t\t\t\t<div class=\"elementor-column elementor-col-50 elementor-top-column elementor-element elementor-element-af8c4bb\" data-id=\"af8c4bb\" data-element_type=\"column\">\n\t\t\t<div class=\"elementor-column-wrap elementor-element-populated\">\n\t\t\t\t\t\t\t<div class=\"elementor-widget-wrap\">\n\t\t\t\t\t\t<div class=\"elementor-element elementor-element-0606c9e elementor-widget elementor-widget-heading\" data-id=\"0606c9e\" data-element_type=\"widget\" data-widget_type=\"heading.default\">\n\t\t\t\t<div class=\"elementor-widget-container\">\n\t\t\t<h2 class=\"elementor-heading-title elementor-size-default\">Carri\u00e9re<\/h2>\t\t<\/div>\n\t\t\t\t<\/div>\n\t\t\t\t<div class=\"elementor-element elementor-element-2de736f elementor-button-success elementor-align-left elementor-widget elementor-widget-button\" data-id=\"2de736f\" data-element_type=\"widget\" data-widget_type=\"button.default\">\n\t\t\t\t<div class=\"elementor-widget-container\">\n\t\t\t\t\t<div class=\"elementor-button-wrapper\">\n\t\t\t<a href=\"https:\/\/www.thelma.sn\/thelma-leadership-academy\/plateforme-offre-demploi\/publier-une-offre-demploi\/\" class=\"elementor-button-link elementor-button elementor-size-lg\" role=\"button\">\n\t\t\t\t\t\t<span class=\"elementor-button-content-wrapper\">\n\t\t\t\t\t\t<span class=\"elementor-button-icon elementor-align-icon-left\">\n\t\t\t\t<i aria-hidden=\"true\" class=\"far fa-edit\"><\/i>\t\t\t<\/span>\n\t\t\t\t\t\t<span class=\"elementor-button-text\">Publier Une offre<\/span>\n\t\t<\/span>\n\t\t\t\t\t<\/a>\n\t\t<\/div>\n\t\t\t\t<\/div>\n\t\t\t\t<\/div>\n\t\t\t\t<div class=\"elementor-element elementor-element-12df721 elementor-button-success elementor-align-left elementor-widget elementor-widget-button\" data-id=\"12df721\" data-element_type=\"widget\" data-widget_type=\"button.default\">\n\t\t\t\t<div class=\"elementor-widget-container\">\n\t\t\t\t\t<div class=\"elementor-button-wrapper\">\n\t\t\t<a href=\"https:\/\/www.thelma.sn\/thelma-leadership-academy\/plateforme-offre-demploi\/edition-des-offres-demploi\/\" class=\"elementor-button-link elementor-button elementor-size-lg\" role=\"button\">\n\t\t\t\t\t\t<span class=\"elementor-button-content-wrapper\">\n\t\t\t\t\t\t<span class=\"elementor-button-icon elementor-align-icon-left\">\n\t\t\t\t<i aria-hidden=\"true\" class=\"far fa-folder-open\"><\/i>\t\t\t<\/span>\n\t\t\t\t\t\t<span class=\"elementor-button-text\">Editez vos offres<\/span>\n\t\t<\/span>\n\t\t\t\t\t<\/a>\n\t\t<\/div>\n\t\t\t\t<\/div>\n\t\t\t\t<\/div>\n\t\t\t\t<div class=\"elementor-element elementor-element-650709e elementor-widget elementor-widget-image\" data-id=\"650709e\" data-element_type=\"widget\" data-widget_type=\"image.default\">\n\t\t\t\t<div class=\"elementor-widget-container\">\n\t\t\t\t\t<div class=\"elementor-image\">\n\t\t\t\t\t\t\t\t\t\t<img width=\"173\" height=\"90\" src=\"https:\/\/www.thelma.sn\/thelma-leadership-academy\/wp-content\/uploads\/2019\/03\/Logo-Thelma.png\" class=\"attachment-large size-large\" alt=\"\" loading=\"lazy\" \/>\t\t\t\t\t\t\t\t\t\t\t<\/div>\n\t\t\t\t<\/div>\n\t\t\t\t<\/div>\n\t\t\t\t<div class=\"elementor-element elementor-element-40631c8 elementor-aspect-ratio-169 elementor-widget elementor-widget-video\" data-id=\"40631c8\" data-element_type=\"widget\" data-settings=\"{&quot;youtube_url&quot;:&quot;https:\\\/\\\/www.youtube.com\\\/watch?v=PTW95zD9ElY&quot;,&quot;video_type&quot;:&quot;youtube&quot;,&quot;controls&quot;:&quot;yes&quot;,&quot;aspect_ratio&quot;:&quot;169&quot;}\" data-widget_type=\"video.default\">\n\t\t\t\t<div class=\"elementor-widget-container\">\n\t\t\t\t\t<div class=\"elementor-wrapper elementor-fit-aspect-ratio elementor-open-inline\">\n\t\t\t<div class=\"elementor-video\"><\/div>\t\t<\/div>\n\t\t\t\t<\/div>\n\t\t\t\t<\/div>\n\t\t\t\t\t\t<\/div>\n\t\t\t\t\t<\/div>\n\t\t<\/div>\n\t\t\t\t\t\t\t\t<\/div>\n\t\t\t\t\t<\/div>\n\t\t<\/section>\n\t\t\t\t<section class=\"elementor-section elementor-top-section elementor-element elementor-element-446922b1 elementor-section-boxed elementor-section-height-default elementor-section-height-default\" data-id=\"446922b1\" data-element_type=\"section\" data-settings=\"{&quot;background_background&quot;:&quot;classic&quot;}\">\n\t\t\t\t\t\t<div class=\"elementor-container elementor-column-gap-default\">\n\t\t\t\t\t\t\t<div class=\"elementor-row\">\n\t\t\t\t\t<div class=\"elementor-column elementor-col-100 elementor-top-column elementor-element elementor-element-45b6ed67\" data-id=\"45b6ed67\" data-element_type=\"column\">\n\t\t\t<div class=\"elementor-column-wrap elementor-element-populated\">\n\t\t\t\t\t\t\t<div class=\"elementor-widget-wrap\">\n\t\t\t\t\t\t<div class=\"elementor-element elementor-element-2e02cd67 elementor-widget elementor-widget-heading\" data-id=\"2e02cd67\" data-element_type=\"widget\" data-widget_type=\"heading.default\">\n\t\t\t\t<div class=\"elementor-widget-container\">\n\t\t\t<h2 class=\"elementor-heading-title elementor-size-default\">Rejoignez Thelma Business School<\/h2>\t\t<\/div>\n\t\t\t\t<\/div>\n\t\t\t\t<div class=\"elementor-element elementor-element-1fe190d1 animated-slow elementor-invisible elementor-widget elementor-widget-text-editor\" data-id=\"1fe190d1\" data-element_type=\"widget\" data-settings=\"{&quot;_animation&quot;:&quot;shake&quot;}\" data-widget_type=\"text-editor.default\">\n\t\t\t\t<div class=\"elementor-widget-container\">\n\t\t\t\t\t<div class=\"elementor-text-editor elementor-clearfix\"><p><span style=\"color: #ffffff;\">Vous souhaitez en savoir plus sur notre processus d&rsquo;admission ?<\/span><\/p><\/div>\n\t\t\t\t<\/div>\n\t\t\t\t<\/div>\n\t\t\t\t<div class=\"elementor-element elementor-element-4fb6adbb elementor-align-center elementor-widget elementor-widget-button\" data-id=\"4fb6adbb\" data-element_type=\"widget\" data-widget_type=\"button.default\">\n\t\t\t\t<div class=\"elementor-widget-container\">\n\t\t\t\t\t<div class=\"elementor-button-wrapper\">\n\t\t\t<a href=\"https:\/\/www.thelma.sn\/admissions\/\" class=\"elementor-button-link elementor-button elementor-size-sm\" role=\"button\">\n\t\t\t\t\t\t<span class=\"elementor-button-content-wrapper\">\n\t\t\t\t\t\t<span class=\"elementor-button-text\">Candidatures<\/span>\n\t\t<\/span>\n\t\t\t\t\t<\/a>\n\t\t<\/div>\n\t\t\t\t<\/div>\n\t\t\t\t<\/div>\n\t\t\t\t\t\t<\/div>\n\t\t\t\t\t<\/div>\n\t\t<\/div>\n\t\t\t\t\t\t\t\t<\/div>\n\t\t\t\t\t<\/div>\n\t\t<\/section>\n\t\t\t\t\t\t<\/div>\n\t\t\t\t\t\t<\/div>\n\t\t\t\t\t<\/div>\n\t\t","protected":false},"excerpt":{"rendered":"<p>\u00c9ditez vos offres d&#8217;emploi [job_dashboard] Carri\u00e9re Publier Une offre Editez vos offres Rejoignez Thelma Business School Vous souhaitez en savoir plus sur notre processus d&rsquo;admission ? Candidatures<\/p>\n","protected":false},"author":10,"featured_media":0,"parent":12518,"menu_order":0,"comment_status":"closed","ping_status":"closed","template":"elementor_header_footer","meta":[],"yoast_head":"<!-- This site is optimized with the Yoast SEO plugin v15.8 - https:\/\/yoast.com\/wordpress\/plugins\/seo\/ -->\n<title>Thelma Leadership Academy<\/title>\n<meta name=\"description\" content=\"Thelma Business school, l&#039;\u00e9cole de management sp\u00e9cialis\u00e9e dans les m\u00e9tiers du luxe.\" \/>\n<meta name=\"robots\" content=\"index, follow, max-snippet:-1, max-image-preview:large, max-video-preview:-1\" \/>\n<link rel=\"canonical\" href=\"https:\/\/www.thelma.sn\/thelma-leadership-academy\/plateforme-offre-demploi\/edition-des-offres-demploi\/\" \/>\n<meta property=\"og:locale\" content=\"fr_FR\" \/>\n<meta property=\"og:type\" content=\"article\" \/>\n<meta property=\"og:title\" content=\"Thelma Leadership Academy\" \/>\n<meta property=\"og:description\" content=\"Thelma Business school, l&#039;\u00e9cole de management sp\u00e9cialis\u00e9e dans les m\u00e9tiers du luxe.\" \/>\n<meta property=\"og:url\" content=\"https:\/\/www.thelma.sn\/thelma-leadership-academy\/plateforme-offre-demploi\/edition-des-offres-demploi\/\" \/>\n<meta property=\"og:site_name\" content=\"Thelma Leadership Academy\" \/>\n<meta property=\"article:modified_time\" content=\"2022-04-22T09:45:38+00:00\" \/>\n<meta property=\"og:image\" content=\"https:\/\/www.thelma.sn\/thelma-leadership-academy\/wp-content\/uploads\/2019\/03\/Logo-Thelma.png\" \/>\n<meta name=\"twitter:card\" content=\"summary_large_image\" \/>\n<meta name=\"twitter:label1\" content=\"Dur\u00e9e de lecture estim\u00e9e\">\n\t<meta name=\"twitter:data1\" content=\"1 minute\">\n<script type=\"application\/ld+json\" class=\"yoast-schema-graph\">{\"@context\":\"https:\/\/schema.org\",\"@graph\":[{\"@type\":\"WebSite\",\"@id\":\"https:\/\/www.thelma.sn\/thelma-leadership-academy\/#website\",\"url\":\"https:\/\/www.thelma.sn\/thelma-leadership-academy\/\",\"name\":\"Thelma Leadership Academy\",\"description\":\"Be attitude, Be different\",\"potentialAction\":[{\"@type\":\"SearchAction\",\"target\":\"https:\/\/www.thelma.sn\/thelma-leadership-academy\/?s={search_term_string}\",\"query-input\":\"required name=search_term_string\"}],\"inLanguage\":\"fr-FR\"},{\"@type\":\"ImageObject\",\"@id\":\"https:\/\/www.thelma.sn\/thelma-leadership-academy\/plateforme-offre-demploi\/edition-des-offres-demploi\/#primaryimage\",\"inLanguage\":\"fr-FR\",\"url\":\"https:\/\/www.thelma.sn\/thelma-leadership-academy\/wp-content\/uploads\/2019\/03\/Logo-Thelma.png\",\"width\":173,\"height\":90},{\"@type\":\"WebPage\",\"@id\":\"https:\/\/www.thelma.sn\/thelma-leadership-academy\/plateforme-offre-demploi\/edition-des-offres-demploi\/#webpage\",\"url\":\"https:\/\/www.thelma.sn\/thelma-leadership-academy\/plateforme-offre-demploi\/edition-des-offres-demploi\/\",\"name\":\"Thelma Leadership Academy\",\"isPartOf\":{\"@id\":\"https:\/\/www.thelma.sn\/thelma-leadership-academy\/#website\"},\"primaryImageOfPage\":{\"@id\":\"https:\/\/www.thelma.sn\/thelma-leadership-academy\/plateforme-offre-demploi\/edition-des-offres-demploi\/#primaryimage\"},\"datePublished\":\"2022-03-07T17:05:28+00:00\",\"dateModified\":\"2022-04-22T09:45:38+00:00\",\"description\":\"Thelma Business school, l'\\u00e9cole de management sp\\u00e9cialis\\u00e9e dans les m\\u00e9tiers du luxe.\",\"breadcrumb\":{\"@id\":\"https:\/\/www.thelma.sn\/thelma-leadership-academy\/plateforme-offre-demploi\/edition-des-offres-demploi\/#breadcrumb\"},\"inLanguage\":\"fr-FR\",\"potentialAction\":[{\"@type\":\"ReadAction\",\"target\":[\"https:\/\/www.thelma.sn\/thelma-leadership-academy\/plateforme-offre-demploi\/edition-des-offres-demploi\/\"]}]},{\"@type\":\"BreadcrumbList\",\"@id\":\"https:\/\/www.thelma.sn\/thelma-leadership-academy\/plateforme-offre-demploi\/edition-des-offres-demploi\/#breadcrumb\",\"itemListElement\":[{\"@type\":\"ListItem\",\"position\":1,\"item\":{\"@type\":\"WebPage\",\"@id\":\"https:\/\/www.thelma.sn\/thelma-leadership-academy\/\",\"url\":\"https:\/\/www.thelma.sn\/thelma-leadership-academy\/\",\"name\":\"Accueil\"}},{\"@type\":\"ListItem\",\"position\":2,\"item\":{\"@type\":\"WebPage\",\"@id\":\"https:\/\/www.thelma.sn\/thelma-leadership-academy\/plateforme-offre-demploi\/\",\"url\":\"https:\/\/www.thelma.sn\/thelma-leadership-academy\/plateforme-offre-demploi\/\",\"name\":\"Plateforme offre d&#8217;emploi\"}},{\"@type\":\"ListItem\",\"position\":3,\"item\":{\"@type\":\"WebPage\",\"@id\":\"https:\/\/www.thelma.sn\/thelma-leadership-academy\/plateforme-offre-demploi\/edition-des-offres-demploi\/\",\"url\":\"https:\/\/www.thelma.sn\/thelma-leadership-academy\/plateforme-offre-demploi\/edition-des-offres-demploi\/\",\"name\":\"\\u00c9dition des offres d&#8217;emploi\"}}]}]}<\/script>\n<!-- \/ Yoast SEO plugin. -->","_links":{"self":[{"href":"https:\/\/www.thelma.sn\/thelma-leadership-academy\/wp-json\/wp\/v2\/pages\/12536"}],"collection":[{"href":"https:\/\/www.thelma.sn\/thelma-leadership-academy\/wp-json\/wp\/v2\/pages"}],"about":[{"href":"https:\/\/www.thelma.sn\/thelma-leadership-academy\/wp-json\/wp\/v2\/types\/page"}],"author":[{"embeddable":true,"href":"https:\/\/www.thelma.sn\/thelma-leadership-academy\/wp-json\/wp\/v2\/users\/10"}],"replies":[{"embeddable":true,"href":"https:\/\/www.thelma.sn\/thelma-leadership-academy\/wp-json\/wp\/v2\/comments?post=12536"}],"version-history":[{"count":44,"href":"https:\/\/www.thelma.sn\/thelma-leadership-academy\/wp-json\/wp\/v2\/pages\/12536\/revisions"}],"predecessor-version":[{"id":12745,"href":"https:\/\/www.thelma.sn\/thelma-leadership-academy\/wp-json\/wp\/v2\/pages\/12536\/revisions\/12745"}],"up":[{"embeddable":true,"href":"https:\/\/www.thelma.sn\/thelma-leadership-academy\/wp-json\/wp\/v2\/pages\/12518"}],"wp:attachment":[{"href":"https:\/\/www.thelma.sn\/thelma-leadership-academy\/wp-json\/wp\/v2\/media?parent=12536"}],"curies":[{"name":"wp","href":"https:\/\/api.w.org\/{rel}","templated":true}]}}