{"id":487,"date":"2019-03-20T23:45:37","date_gmt":"2019-03-20T23:45:37","guid":{"rendered":"http:\/\/demo.ovathemes.com\/pogon\/?page_id=487"},"modified":"2022-06-15T12:26:07","modified_gmt":"2022-06-15T12:26:07","slug":"accueil","status":"publish","type":"page","link":"https:\/\/www.thelma.sn\/thelma-leadership-academy\/","title":{"rendered":"Accueil"},"content":{"rendered":"\t\t<div data-elementor-type=\"wp-post\" data-elementor-id=\"487\" class=\"elementor elementor-487\" data-elementor-settings=\"[]\">\n\t\t\t\t\t\t<div class=\"elementor-inner\">\n\t\t\t\t\t\t\t<div class=\"elementor-section-wrap\">\n\t\t\t\t\t\t\t<section class=\"elementor-section elementor-top-section elementor-element elementor-element-4c70e7e elementor-section-full_width elementor-section-height-default elementor-section-height-default\" data-id=\"4c70e7e\" data-element_type=\"section\">\n\t\t\t\t\t\t<div class=\"elementor-container elementor-column-gap-no\">\n\t\t\t\t\t\t\t<div class=\"elementor-row\">\n\t\t\t\t\t<div class=\"elementor-column elementor-col-100 elementor-top-column elementor-element elementor-element-c30776a\" data-id=\"c30776a\" data-element_type=\"column\">\n\t\t\t<div class=\"elementor-column-wrap elementor-element-populated\">\n\t\t\t\t\t\t\t<div class=\"elementor-widget-wrap\">\n\t\t\t\t\t\t<div class=\"elementor-element elementor-element-fe856ee elementor-widget elementor-widget-ova_banner_slideshow\" data-id=\"fe856ee\" data-element_type=\"widget\" data-widget_type=\"ova_banner_slideshow.default\">\n\t\t\t\t<div class=\"elementor-widget-container\">\n\t\t\t\t\t<div class=\"ova_slideshow elementor-slides-wrapper dots_style \" dir=\"ltr\">\n\t\t\t<div class=\"elementor-slides owl-carousel owl-theme owl-loaded arrows-inside arrows-show-always animated owl-animated-out owl-animated-in\" data-owl_carousel=\"{&quot;items&quot;:1,&quot;singleItem&quot;:1,&quot;autoplayTimeout&quot;:9000,&quot;autoplay&quot;:true,&quot;loop&quot;:true,&quot;nav&quot;:true,&quot;dots&quot;:false,&quot;rtl&quot;:false,&quot;dotsClass&quot;:&quot;owl-dots&quot;,&quot;mouseDrag&quot;:false,&quot;navText&quot;:[&quot;&lt;i class=\\&quot;ti-angle-left\\&quot;&gt;&lt;\\\/i&gt;&quot;,&quot;&lt;i class=\\&quot;ti-angle-right\\&quot;&gt;&lt;\\\/i&gt;&quot;]}\">\n\t\t\t\t<div class=\" elementor-repeater-item-7541783 items\" data-dot=\" <div>Certifications<\/div> <button><span><\/span><\/button>\"><div class=\"slide-bg  elementor-ken-out\"><\/div>\n\t\t\t<div class=\"slide-inner\"><div class=\"elementor-background-overlay\"><\/div><div class=\"container\"><div class=\"row\"><div class=\"wrapper-content\"><div class=\"elementor-slide-content\"><div data-animation=\"zoomIn\" data-animation_dur=\"500\" class=\"second_font elementor-slide-subtitle\" style=\"animation-duration: 500ms\">Certifications<\/div><div data-animation=\"zoomIn\" data-animation_dur=\"1000\"  class=\"second_font elementor-slide-title \" style=\"animation-duration: 1000ms\">Formations certifiantes avec l\u2019EHPM<\/div><div class=\"elementor-slide-description\" data-animation=\"zoomIn\" data-animation_dur=\"1500\" style=\"animation-duration: 1500ms\"><p style=\"font-size:30px;color:#fff\">\nB\u00e9n\u00e9ficiez des meilleurs formations certifiantes avec l'\u00c9cole H\u00f4teli\u00e8re Priv\u00e9e de Marrakech(EHPM) et <\/br> Thelma Business School Dakar\n<\/p><\/div><a href=\"https:\/\/www.thelma.sn\/thelma-business-school\/contacts-thelma\/\" target=\"_blank\" rel=\"nofollow\" data-animation=\"slideInUp\" data-animation_dur=\"2000\" style=\"animation-duration: 2000ms\" class=\"elementor-slide-button \">NOUS CONTACTER<\/a><\/div><\/div><\/div><\/div><\/div><\/div>\t\t\t<\/div>\n\t\t\t\t\t<\/div>\n\t\t\t\t<\/div>\n\t\t\t\t<\/div>\n\t\t\t\t\t\t<\/div>\n\t\t\t\t\t<\/div>\n\t\t<\/div>\n\t\t\t\t\t\t\t\t<\/div>\n\t\t\t\t\t<\/div>\n\t\t<\/section>\n\t\t\t\t<section class=\"elementor-section elementor-top-section elementor-element elementor-element-e1bc0c5 elementor-section-boxed elementor-section-height-default elementor-section-height-default\" data-id=\"e1bc0c5\" data-element_type=\"section\">\n\t\t\t\t\t\t<div class=\"elementor-container elementor-column-gap-default\">\n\t\t\t\t\t\t\t<div class=\"elementor-row\">\n\t\t\t\t\t<div class=\"elementor-column elementor-col-100 elementor-top-column elementor-element elementor-element-d46767a elementor-invisible\" data-id=\"d46767a\" data-element_type=\"column\" data-settings=\"{&quot;animation&quot;:&quot;fadeInRight&quot;}\">\n\t\t\t<div class=\"elementor-column-wrap elementor-element-populated\">\n\t\t\t\t\t\t\t<div class=\"elementor-widget-wrap\">\n\t\t\t\t\t\t<div class=\"elementor-element elementor-element-d923bbd elementor-widget elementor-widget-ova_heading\" data-id=\"d923bbd\" data-element_type=\"widget\" data-widget_type=\"ova_heading.default\">\n\t\t\t\t<div class=\"elementor-widget-container\">\n\t\t\t\n\t\t\n\t\t<div class=\"ova-heading\">\n\t\t\t\t\t\t\t<h3 class=\"heading-title\">NOS CERTIFICATIONS<\/h3>\n\t\t\t\t\t\t\n\t\t\t\n\t\t\t\t<div class=\"image\">\n\t\t\t\t\t<canvas class=\"myCanvas\" width=\"70\" height=\"20\" data-color=\"#991B49\"><\/canvas>\n\t\t\t\t<\/div>\n\t\t\t\n\t\t<\/div>\n\t\t\t\t<\/div>\n\t\t\t\t<\/div>\n\t\t\t\t\t\t<\/div>\n\t\t\t\t\t<\/div>\n\t\t<\/div>\n\t\t\t\t\t\t\t\t<\/div>\n\t\t\t\t\t<\/div>\n\t\t<\/section>\n\t\t\t\t<section class=\"elementor-section elementor-top-section elementor-element elementor-element-a93ce60 elementor-section-boxed elementor-section-height-default elementor-section-height-default\" data-id=\"a93ce60\" data-element_type=\"section\">\n\t\t\t\t\t\t<div class=\"elementor-container elementor-column-gap-default\">\n\t\t\t\t\t\t\t<div class=\"elementor-row\">\n\t\t\t\t\t<div class=\"elementor-column elementor-col-33 elementor-top-column elementor-element elementor-element-2223e42 elementor-invisible\" data-id=\"2223e42\" data-element_type=\"column\" data-settings=\"{&quot;animation&quot;:&quot;fadeInUp&quot;}\">\n\t\t\t<div class=\"elementor-column-wrap elementor-element-populated\">\n\t\t\t\t\t\t\t<div class=\"elementor-widget-wrap\">\n\t\t\t\t\t\t<div class=\"elementor-element elementor-element-ad07ed5 elementor-widget elementor-widget-ova_service\" data-id=\"ad07ed5\" data-element_type=\"widget\" data-widget_type=\"ova_service.default\">\n\t\t\t\t<div class=\"elementor-widget-container\">\n\t\t\t\t\t<div class=\"ova-service one_column\">\n\t\t\t\t\t\t\t<div class=\"image\">\n\t\t\t\t\t<div class=\"img\">\n\t\t\t\t\t\t<img src=\"https:\/\/www.thelma.sn\/thelma-leadership-academy\/wp-content\/uploads\/2020\/06\/Blank-50-x-50-5.png\" alt=\"H\u00e9bergement &amp; Commercial\">\n\t\t\t\t\t<\/div>\n\t\t\t\t<\/div>\n\t\t\t\t\t\t<div class=\"content\">\n\t\t\t\t\t\t\t\t\t<h3 class=\"title\"><a href=\"https:\/\/www.thelma.sn\/thelma-leadership-academy\/certifications-hebergement-commercial\/hebergement-commercial-services\/ \">H\u00e9bergement &amp; Commercial<\/a><\/h3>\n\t\t\t\t\t\t\t\t\t\t\t<\/div>\n\t\t<\/div>\n\t\t\t\t<\/div>\n\t\t\t\t<\/div>\n\t\t\t\t\t\t<\/div>\n\t\t\t\t\t<\/div>\n\t\t<\/div>\n\t\t\t\t<div class=\"elementor-column elementor-col-33 elementor-top-column elementor-element elementor-element-b65cd19 elementor-invisible\" data-id=\"b65cd19\" data-element_type=\"column\" data-settings=\"{&quot;animation&quot;:&quot;fadeInUp&quot;,&quot;animation_delay&quot;:50}\">\n\t\t\t<div class=\"elementor-column-wrap elementor-element-populated\">\n\t\t\t\t\t\t\t<div class=\"elementor-widget-wrap\">\n\t\t\t\t\t\t<div class=\"elementor-element elementor-element-b9400fb elementor-widget elementor-widget-ova_service\" data-id=\"b9400fb\" data-element_type=\"widget\" data-widget_type=\"ova_service.default\">\n\t\t\t\t<div class=\"elementor-widget-container\">\n\t\t\t\t\t<div class=\"ova-service one_column\">\n\t\t\t\t\t\t\t<div class=\"image\">\n\t\t\t\t\t<div class=\"img\">\n\t\t\t\t\t\t<img src=\"https:\/\/www.thelma.sn\/thelma-leadership-academy\/wp-content\/uploads\/2020\/06\/Blank-50-x-50-4-1.png\" alt=\"Service du restaurant \">\n\t\t\t\t\t<\/div>\n\t\t\t\t<\/div>\n\t\t\t\t\t\t<div class=\"content\">\n\t\t\t\t\t\t\t\t\t<h3 class=\"title\"><a href=\"https:\/\/www.thelma.sn\/thelma-leadership-academy\/certification-service-du-restaurant\/certification-service-du-restaurant-services\">Service du restaurant <\/a><\/h3>\n\t\t\t\t\t\t\t\t\t\t\t<\/div>\n\t\t<\/div>\n\t\t\t\t<\/div>\n\t\t\t\t<\/div>\n\t\t\t\t\t\t<\/div>\n\t\t\t\t\t<\/div>\n\t\t<\/div>\n\t\t\t\t<div class=\"elementor-column elementor-col-33 elementor-top-column elementor-element elementor-element-c5b285b elementor-invisible\" data-id=\"c5b285b\" data-element_type=\"column\" data-settings=\"{&quot;animation&quot;:&quot;fadeInUp&quot;,&quot;animation_delay&quot;:50}\">\n\t\t\t<div class=\"elementor-column-wrap elementor-element-populated\">\n\t\t\t\t\t\t\t<div class=\"elementor-widget-wrap\">\n\t\t\t\t\t\t<div class=\"elementor-element elementor-element-926f303 elementor-widget elementor-widget-ova_service\" data-id=\"926f303\" data-element_type=\"widget\" data-widget_type=\"ova_service.default\">\n\t\t\t\t<div class=\"elementor-widget-container\">\n\t\t\t\t\t<div class=\"ova-service one_column\">\n\t\t\t\t\t\t\t<div class=\"image\">\n\t\t\t\t\t<div class=\"img\">\n\t\t\t\t\t\t<img src=\"https:\/\/www.thelma.sn\/thelma-leadership-academy\/wp-content\/uploads\/2020\/06\/Blank-50-x-50-1-1.png\" alt=\"Commercial &amp; Revenue\">\n\t\t\t\t\t<\/div>\n\t\t\t\t<\/div>\n\t\t\t\t\t\t<div class=\"content\">\n\t\t\t\t\t\t\t\t\t<h3 class=\"title\"><a href=\"https:\/\/www.thelma.sn\/thelma-leadership-academy\/certification-commercial-revenue\/commercial-revenue-services\">Commercial &amp; Revenue<\/a><\/h3>\n\t\t\t\t\t\t\t\t\t\t\t<\/div>\n\t\t<\/div>\n\t\t\t\t<\/div>\n\t\t\t\t<\/div>\n\t\t\t\t\t\t<\/div>\n\t\t\t\t\t<\/div>\n\t\t<\/div>\n\t\t\t\t\t\t\t\t<\/div>\n\t\t\t\t\t<\/div>\n\t\t<\/section>\n\t\t\t\t<section class=\"elementor-section elementor-top-section elementor-element elementor-element-42d79b6 elementor-section-boxed elementor-section-height-default elementor-section-height-default\" data-id=\"42d79b6\" data-element_type=\"section\">\n\t\t\t\t\t\t<div class=\"elementor-container elementor-column-gap-default\">\n\t\t\t\t\t\t\t<div class=\"elementor-row\">\n\t\t\t\t\t<div class=\"elementor-column elementor-col-100 elementor-top-column elementor-element elementor-element-fd24794\" data-id=\"fd24794\" data-element_type=\"column\">\n\t\t\t<div class=\"elementor-column-wrap elementor-element-populated\">\n\t\t\t\t\t\t\t<div class=\"elementor-widget-wrap\">\n\t\t\t\t\t\t<div class=\"elementor-element elementor-element-136b16a elementor-invisible elementor-widget elementor-widget-ova_heading\" data-id=\"136b16a\" data-element_type=\"widget\" data-settings=\"{&quot;_animation&quot;:&quot;fadeInUp&quot;}\" data-widget_type=\"ova_heading.default\">\n\t\t\t\t<div class=\"elementor-widget-container\">\n\t\t\t\n\t\t\n\t\t<div class=\"ova-heading\">\n\t\t\t\t\t\t\t<h3 class=\"heading-title\">\u00c0 PROPOS DE THELMA<\/h3>\n\t\t\t\t\t\t\n\t\t\t\n\t\t\t\t<div class=\"image\">\n\t\t\t\t\t<canvas class=\"myCanvas\" width=\"70\" height=\"20\" data-color=\"#991B49\"><\/canvas>\n\t\t\t\t<\/div>\n\t\t\t\n\t\t<\/div>\n\t\t\t\t<\/div>\n\t\t\t\t<\/div>\n\t\t\t\t\t\t<\/div>\n\t\t\t\t\t<\/div>\n\t\t<\/div>\n\t\t\t\t\t\t\t\t<\/div>\n\t\t\t\t\t<\/div>\n\t\t<\/section>\n\t\t\t\t<section class=\"elementor-section elementor-top-section elementor-element elementor-element-40981b6 elementor-section-boxed elementor-section-height-default elementor-section-height-default\" data-id=\"40981b6\" data-element_type=\"section\">\n\t\t\t\t\t\t<div class=\"elementor-container elementor-column-gap-default\">\n\t\t\t\t\t\t\t<div class=\"elementor-row\">\n\t\t\t\t\t<div class=\"elementor-column elementor-col-100 elementor-top-column elementor-element elementor-element-537cf59 elementor-invisible\" data-id=\"537cf59\" data-element_type=\"column\" data-settings=\"{&quot;animation&quot;:&quot;fadeInRight&quot;}\">\n\t\t\t<div class=\"elementor-column-wrap elementor-element-populated\">\n\t\t\t\t\t\t\t<div class=\"elementor-widget-wrap\">\n\t\t\t\t\t\t<section class=\"elementor-section elementor-inner-section elementor-element elementor-element-8b86ff3 box-shadow-about elementor-section-boxed elementor-section-height-default elementor-section-height-default\" data-id=\"8b86ff3\" data-element_type=\"section\">\n\t\t\t\t\t\t<div class=\"elementor-container elementor-column-gap-default\">\n\t\t\t\t\t\t\t<div class=\"elementor-row\">\n\t\t\t\t\t<div class=\"elementor-column elementor-col-50 elementor-inner-column elementor-element elementor-element-7697cd7\" data-id=\"7697cd7\" data-element_type=\"column\" data-settings=\"{&quot;background_background&quot;:&quot;classic&quot;}\">\n\t\t\t<div class=\"elementor-column-wrap elementor-element-populated\">\n\t\t\t\t\t\t\t<div class=\"elementor-widget-wrap\">\n\t\t\t\t\t\t<div class=\"elementor-element elementor-element-3fe8edb elementor-widget elementor-widget-heading\" data-id=\"3fe8edb\" data-element_type=\"widget\" data-widget_type=\"heading.default\">\n\t\t\t\t<div class=\"elementor-widget-container\">\n\t\t\t<h2 class=\"elementor-heading-title elementor-size-default\">Depuis<\/h2>\t\t<\/div>\n\t\t\t\t<\/div>\n\t\t\t\t<div class=\"elementor-element elementor-element-5424b8b elementor-widget elementor-widget-heading\" data-id=\"5424b8b\" data-element_type=\"widget\" data-widget_type=\"heading.default\">\n\t\t\t\t<div class=\"elementor-widget-container\">\n\t\t\t<span class=\"elementor-heading-title elementor-size-default\">2015<\/span>\t\t<\/div>\n\t\t\t\t<\/div>\n\t\t\t\t<div class=\"elementor-element elementor-element-932ef34 elementor-widget-divider--view-line elementor-widget elementor-widget-divider\" data-id=\"932ef34\" data-element_type=\"widget\" data-widget_type=\"divider.default\">\n\t\t\t\t<div class=\"elementor-widget-container\">\n\t\t\t\t\t<div class=\"elementor-divider\">\n\t\t\t<span class=\"elementor-divider-separator\">\n\t\t\t\t\t\t<\/span>\n\t\t<\/div>\n\t\t\t\t<\/div>\n\t\t\t\t<\/div>\n\t\t\t\t<div class=\"elementor-element elementor-element-a4b605e elementor-widget elementor-widget-text-editor\" data-id=\"a4b605e\" data-element_type=\"widget\" data-widget_type=\"text-editor.default\">\n\t\t\t\t<div class=\"elementor-widget-container\">\n\t\t\t\t\t<div class=\"elementor-text-editor elementor-clearfix\"><span style=\"color: #ffffff;\">Premi\u00e8re grande \u00e9cole de Management en Afrique subsaharienne sp\u00e9cialis\u00e9e dans les m\u00e9tiers du Luxe, du Hospitality, du Fashion &amp; Design, Thelma a pour ambition de former des hommes et des femmes qui seront, demain, acteurs et garants d\u2019une culture de service d\u2019exception.\n<\/br><\/br>\n<\/span><\/div>\n\t\t\t\t<\/div>\n\t\t\t\t<\/div>\n\t\t\t\t<div class=\"elementor-element elementor-element-56ea535 elementor-button-info elementor-align-left elementor-widget elementor-widget-button\" data-id=\"56ea535\" data-element_type=\"widget\" data-widget_type=\"button.default\">\n\t\t\t\t<div class=\"elementor-widget-container\">\n\t\t\t\t\t<div class=\"elementor-button-wrapper\">\n\t\t\t<a href=\"https:\/\/www.thelma.sn\/\" target=\"_blank\" class=\"elementor-button-link elementor-button elementor-size-sm\" role=\"button\">\n\t\t\t\t\t\t<span class=\"elementor-button-content-wrapper\">\n\t\t\t\t\t\t<span class=\"elementor-button-text\">En savoir plus<\/span>\n\t\t<\/span>\n\t\t\t\t\t<\/a>\n\t\t<\/div>\n\t\t\t\t<\/div>\n\t\t\t\t<\/div>\n\t\t\t\t\t\t<\/div>\n\t\t\t\t\t<\/div>\n\t\t<\/div>\n\t\t\t\t<div class=\"elementor-column elementor-col-50 elementor-inner-column elementor-element elementor-element-c80e566\" data-id=\"c80e566\" data-element_type=\"column\" data-settings=\"{&quot;background_background&quot;:&quot;classic&quot;}\">\n\t\t\t<div class=\"elementor-column-wrap elementor-element-populated\">\n\t\t\t\t\t\t\t<div class=\"elementor-widget-wrap\">\n\t\t\t\t\t\t<div class=\"elementor-element elementor-element-6eca598 elementor-widget elementor-widget-image\" data-id=\"6eca598\" data-element_type=\"widget\" data-widget_type=\"image.default\">\n\t\t\t\t<div class=\"elementor-widget-container\">\n\t\t\t\t\t<div class=\"elementor-image\">\n\t\t\t\t\t\t\t\t\t\t<img width=\"1024\" height=\"755\" src=\"https:\/\/www.thelma.sn\/thelma-leadership-academy\/wp-content\/uploads\/2020\/11\/Thelma_univers-1024x755.jpg\" class=\"attachment-large size-large\" alt=\"\" loading=\"lazy\" srcset=\"https:\/\/www.thelma.sn\/thelma-leadership-academy\/wp-content\/uploads\/2020\/11\/Thelma_univers-1024x755.jpg 1024w, https:\/\/www.thelma.sn\/thelma-leadership-academy\/wp-content\/uploads\/2020\/11\/Thelma_univers-300x221.jpg 300w, https:\/\/www.thelma.sn\/thelma-leadership-academy\/wp-content\/uploads\/2020\/11\/Thelma_univers-768x566.jpg 768w, https:\/\/www.thelma.sn\/thelma-leadership-academy\/wp-content\/uploads\/2020\/11\/Thelma_univers-1536x1132.jpg 1536w, https:\/\/www.thelma.sn\/thelma-leadership-academy\/wp-content\/uploads\/2020\/11\/Thelma_univers.jpg 1572w\" sizes=\"(max-width: 1024px) 100vw, 1024px\" \/>\t\t\t\t\t\t\t\t\t\t\t<\/div>\n\t\t\t\t<\/div>\n\t\t\t\t<\/div>\n\t\t\t\t\t\t<\/div>\n\t\t\t\t\t<\/div>\n\t\t<\/div>\n\t\t\t\t\t\t\t\t<\/div>\n\t\t\t\t\t<\/div>\n\t\t<\/section>\n\t\t\t\t\t\t<\/div>\n\t\t\t\t\t<\/div>\n\t\t<\/div>\n\t\t\t\t\t\t\t\t<\/div>\n\t\t\t\t\t<\/div>\n\t\t<\/section>\n\t\t\t\t<section class=\"elementor-section elementor-top-section elementor-element elementor-element-3199507 elementor-section-boxed elementor-section-height-default elementor-section-height-default\" data-id=\"3199507\" data-element_type=\"section\" data-settings=\"{&quot;background_background&quot;:&quot;classic&quot;}\">\n\t\t\t\t\t\t<div class=\"elementor-container elementor-column-gap-default\">\n\t\t\t\t\t\t\t<div class=\"elementor-row\">\n\t\t\t\t\t<div class=\"elementor-column elementor-col-100 elementor-top-column elementor-element elementor-element-c2e62bd\" data-id=\"c2e62bd\" data-element_type=\"column\">\n\t\t\t<div class=\"elementor-column-wrap elementor-element-populated\">\n\t\t\t\t\t\t\t<div class=\"elementor-widget-wrap\">\n\t\t\t\t\t\t<div class=\"elementor-element elementor-element-8d11baf elementor-widget elementor-widget-heading\" data-id=\"8d11baf\" data-element_type=\"widget\" data-widget_type=\"heading.default\">\n\t\t\t\t<div class=\"elementor-widget-container\">\n\t\t\t<h3 class=\"elementor-heading-title elementor-size-default\">Catalogue H\u00f4tellerie & Restauration <\/h3>\t\t<\/div>\n\t\t\t\t<\/div>\n\t\t\t\t<div class=\"elementor-element elementor-element-310a58d elementor-widget elementor-widget-text-editor\" data-id=\"310a58d\" data-element_type=\"widget\" data-widget_type=\"text-editor.default\">\n\t\t\t\t<div class=\"elementor-widget-container\">\n\t\t\t\t\t<div class=\"elementor-text-editor elementor-clearfix\"><h3 style=\"text-align: center;\"><span style=\"color: #000;\">Inscrivez-vous et recevez notre nouveau Catalogue de Formation en H\u00f4tellerie &amp; Restauration par e-mail<\/span><\/h3><\/div>\n\t\t\t\t<\/div>\n\t\t\t\t<\/div>\n\t\t\t\t<div class=\"elementor-element elementor-element-e0e4c89 elementor-align-center elementor-invisible elementor-widget elementor-widget-button\" data-id=\"e0e4c89\" data-element_type=\"widget\" data-settings=\"{&quot;_animation&quot;:&quot;shake&quot;}\" data-widget_type=\"button.default\">\n\t\t\t\t<div class=\"elementor-widget-container\">\n\t\t\t\t\t<div class=\"elementor-button-wrapper\">\n\t\t\t<a href=\"https:\/\/www.thelma.sn\/thelma-leadership-academy\/certification-service-du-restaurant\/catalogue-formation-hotellerie-restauration\/\" class=\"elementor-button-link elementor-button elementor-size-sm\" role=\"button\">\n\t\t\t\t\t\t<span class=\"elementor-button-content-wrapper\">\n\t\t\t\t\t\t<span class=\"elementor-button-icon elementor-align-icon-left\">\n\t\t\t\t<i aria-hidden=\"true\" class=\"fas fa-running\"><\/i>\t\t\t<\/span>\n\t\t\t\t\t\t<span class=\"elementor-button-text\">T\u00e9l\u00e9charger<\/span>\n\t\t<\/span>\n\t\t\t\t\t<\/a>\n\t\t<\/div>\n\t\t\t\t<\/div>\n\t\t\t\t<\/div>\n\t\t\t\t\t\t<\/div>\n\t\t\t\t\t<\/div>\n\t\t<\/div>\n\t\t\t\t\t\t\t\t<\/div>\n\t\t\t\t\t<\/div>\n\t\t<\/section>\n\t\t\t\t\t\t<\/div>\n\t\t\t\t\t\t<\/div>\n\t\t\t\t\t<\/div>\n\t\t","protected":false},"excerpt":{"rendered":"<p>Certifications \u00ab\u00a0> CertificationsFormations certifiantes avec l\u2019EHPM B\u00e9n\u00e9ficiez des meilleurs formations certifiantes avec l&rsquo;\u00c9cole H\u00f4teli\u00e8re Priv\u00e9e de Marrakech(EHPM) et Thelma Business School Dakar NOUS CONTACTER NOS CERTIFICATIONS H\u00e9bergement &amp; Commercial Service du restaurant Commercial &amp; Revenue \u00c0 PROPOS DE THELMA Depuis 2015 Premi\u00e8re grande \u00e9cole de Management en Afrique subsaharienne sp\u00e9cialis\u00e9e dans les m\u00e9tiers du Luxe, [&hellip;]<\/p>\n","protected":false},"author":10,"featured_media":10507,"parent":0,"menu_order":0,"comment_status":"closed","ping_status":"closed","template":"elementor_header_footer","meta":[],"yoast_head":"<!-- This site is optimized with the Yoast SEO plugin v15.8 - https:\/\/yoast.com\/wordpress\/plugins\/seo\/ -->\n<title>Thelma Leadership Academy<\/title>\n<meta name=\"description\" content=\"Formations Certifiantes Thelma\" \/>\n<meta name=\"robots\" content=\"index, follow, max-snippet:-1, max-image-preview:large, max-video-preview:-1\" \/>\n<link rel=\"canonical\" href=\"https:\/\/www.thelma.sn\/thelma-leadership-academy\/\" \/>\n<meta property=\"og:locale\" content=\"fr_FR\" \/>\n<meta property=\"og:type\" content=\"article\" \/>\n<meta property=\"og:title\" content=\"Thelma Leadership Academy\" \/>\n<meta property=\"og:description\" content=\"Formations Certifiantes Thelma\" \/>\n<meta property=\"og:url\" content=\"https:\/\/www.thelma.sn\/thelma-leadership-academy\/\" \/>\n<meta property=\"og:site_name\" content=\"Thelma Leadership Academy\" \/>\n<meta property=\"article:modified_time\" content=\"2022-06-15T12:26:07+00:00\" \/>\n<meta property=\"og:image\" content=\"https:\/\/www.thelma.sn\/thelma-leadership-academy\/wp-content\/uploads\/2020\/06\/thelma-business-school-dakar-1920-x-787-6.jpg\" \/>\n\t<meta property=\"og:image:width\" content=\"1920\" \/>\n\t<meta property=\"og:image:height\" content=\"787\" \/>\n<meta name=\"twitter:card\" content=\"summary_large_image\" \/>\n<meta name=\"twitter:label1\" content=\"Dur\u00e9e de lecture estim\u00e9e\">\n\t<meta name=\"twitter:data1\" content=\"2 minutes\">\n<script type=\"application\/ld+json\" class=\"yoast-schema-graph\">{\"@context\":\"https:\/\/schema.org\",\"@graph\":[{\"@type\":\"WebSite\",\"@id\":\"https:\/\/www.thelma.sn\/thelma-leadership-academy\/#website\",\"url\":\"https:\/\/www.thelma.sn\/thelma-leadership-academy\/\",\"name\":\"Thelma Leadership Academy\",\"description\":\"Be attitude, Be different\",\"potentialAction\":[{\"@type\":\"SearchAction\",\"target\":\"https:\/\/www.thelma.sn\/thelma-leadership-academy\/?s={search_term_string}\",\"query-input\":\"required name=search_term_string\"}],\"inLanguage\":\"fr-FR\"},{\"@type\":\"ImageObject\",\"@id\":\"https:\/\/www.thelma.sn\/thelma-leadership-academy\/#primaryimage\",\"inLanguage\":\"fr-FR\",\"url\":\"https:\/\/www.thelma.sn\/thelma-leadership-academy\/wp-content\/uploads\/2020\/06\/thelma-business-school-dakar-1920-x-787-6.jpg\",\"width\":1920,\"height\":787},{\"@type\":\"WebPage\",\"@id\":\"https:\/\/www.thelma.sn\/thelma-leadership-academy\/#webpage\",\"url\":\"https:\/\/www.thelma.sn\/thelma-leadership-academy\/\",\"name\":\"Thelma Leadership Academy\",\"isPartOf\":{\"@id\":\"https:\/\/www.thelma.sn\/thelma-leadership-academy\/#website\"},\"primaryImageOfPage\":{\"@id\":\"https:\/\/www.thelma.sn\/thelma-leadership-academy\/#primaryimage\"},\"datePublished\":\"2019-03-20T23:45:37+00:00\",\"dateModified\":\"2022-06-15T12:26:07+00:00\",\"description\":\"Formations Certifiantes Thelma\",\"breadcrumb\":{\"@id\":\"https:\/\/www.thelma.sn\/thelma-leadership-academy\/#breadcrumb\"},\"inLanguage\":\"fr-FR\",\"potentialAction\":[{\"@type\":\"ReadAction\",\"target\":[\"https:\/\/www.thelma.sn\/thelma-leadership-academy\/\"]}]},{\"@type\":\"BreadcrumbList\",\"@id\":\"https:\/\/www.thelma.sn\/thelma-leadership-academy\/#breadcrumb\",\"itemListElement\":[{\"@type\":\"ListItem\",\"position\":1,\"item\":{\"@type\":\"WebPage\",\"@id\":\"https:\/\/www.thelma.sn\/thelma-leadership-academy\/\",\"url\":\"https:\/\/www.thelma.sn\/thelma-leadership-academy\/\",\"name\":\"Accueil\"}},{\"@type\":\"ListItem\",\"position\":2,\"item\":{\"@type\":\"WebPage\",\"@id\":\"https:\/\/www.thelma.sn\/thelma-leadership-academy\/\",\"url\":\"https:\/\/www.thelma.sn\/thelma-leadership-academy\/\",\"name\":\"Accueil\"}}]}]}<\/script>\n<!-- \/ Yoast SEO plugin. -->","_links":{"self":[{"href":"https:\/\/www.thelma.sn\/thelma-leadership-academy\/wp-json\/wp\/v2\/pages\/487"}],"collection":[{"href":"https:\/\/www.thelma.sn\/thelma-leadership-academy\/wp-json\/wp\/v2\/pages"}],"about":[{"href":"https:\/\/www.thelma.sn\/thelma-leadership-academy\/wp-json\/wp\/v2\/types\/page"}],"author":[{"embeddable":true,"href":"https:\/\/www.thelma.sn\/thelma-leadership-academy\/wp-json\/wp\/v2\/users\/10"}],"replies":[{"embeddable":true,"href":"https:\/\/www.thelma.sn\/thelma-leadership-academy\/wp-json\/wp\/v2\/comments?post=487"}],"version-history":[{"count":232,"href":"https:\/\/www.thelma.sn\/thelma-leadership-academy\/wp-json\/wp\/v2\/pages\/487\/revisions"}],"predecessor-version":[{"id":12792,"href":"https:\/\/www.thelma.sn\/thelma-leadership-academy\/wp-json\/wp\/v2\/pages\/487\/revisions\/12792"}],"wp:featuredmedia":[{"embeddable":true,"href":"https:\/\/www.thelma.sn\/thelma-leadership-academy\/wp-json\/wp\/v2\/media\/10507"}],"wp:attachment":[{"href":"https:\/\/www.thelma.sn\/thelma-leadership-academy\/wp-json\/wp\/v2\/media?parent=487"}],"curies":[{"name":"wp","href":"https:\/\/api.w.org\/{rel}","templated":true}]}}